{"id":937,"date":"2016-08-18T07:15:44","date_gmt":"2016-08-18T07:15:44","guid":{"rendered":"http:\/\/xn--nfholzbau-v2a.ch\/?page_id=937"},"modified":"2016-08-18T08:16:44","modified_gmt":"2016-08-18T08:16:44","slug":"ferienplausch-2016","status":"publish","type":"page","link":"https:\/\/xn--nfholzbau-v2a.ch\/?page_id=937","title":{"rendered":"Ferienplausch 2016"},"content":{"rendered":"<p>Am 10. August 2016 schreinerten 2 M\u00e4dchen und 6 Knaben unter der Leitung von Georg N\u00e4f ihren eigenen Stuhl.<\/p>\n<div id='gallery-1' class='gallery galleryid-937 gallery-columns-4 gallery-size-large'><figure class='gallery-item'>\n\t\t\t<div class='gallery-icon portrait'>\n\t\t\t\t<img loading=\"lazy\" decoding=\"async\" width=\"1024\" height=\"1024\" src=\"https:\/\/xn--nfholzbau-v2a.ch\/wp-content\/uploads\/2015\/03\/IMG_1750-1024x1024.jpg\" class=\"attachment-large size-large\" alt=\"\" srcset=\"https:\/\/xn--nfholzbau-v2a.ch\/wp-content\/uploads\/2015\/03\/IMG_1750-1024x1024.jpg 1024w, https:\/\/xn--nfholzbau-v2a.ch\/wp-content\/uploads\/2015\/03\/IMG_1750-150x150.jpg 150w, https:\/\/xn--nfholzbau-v2a.ch\/wp-content\/uploads\/2015\/03\/IMG_1750-300x300.jpg 300w\" sizes=\"(max-width: 1024px) 100vw, 1024px\" \/>\n\t\t\t<\/div><\/figure><figure class='gallery-item'>\n\t\t\t<div class='gallery-icon landscape'>\n\t\t\t\t<img loading=\"lazy\" decoding=\"async\" width=\"1024\" height=\"1024\" src=\"https:\/\/xn--nfholzbau-v2a.ch\/wp-content\/uploads\/2015\/03\/IMG_1747-1024x1024.jpg\" class=\"attachment-large size-large\" alt=\"\" srcset=\"https:\/\/xn--nfholzbau-v2a.ch\/wp-content\/uploads\/2015\/03\/IMG_1747-1024x1024.jpg 1024w, https:\/\/xn--nfholzbau-v2a.ch\/wp-content\/uploads\/2015\/03\/IMG_1747-150x150.jpg 150w, https:\/\/xn--nfholzbau-v2a.ch\/wp-content\/uploads\/2015\/03\/IMG_1747-300x300.jpg 300w\" sizes=\"(max-width: 1024px) 100vw, 1024px\" \/>\n\t\t\t<\/div><\/figure><figure class='gallery-item'>\n\t\t\t<div class='gallery-icon landscape'>\n\t\t\t\t<img loading=\"lazy\" decoding=\"async\" width=\"1024\" height=\"1024\" src=\"https:\/\/xn--nfholzbau-v2a.ch\/wp-content\/uploads\/2015\/03\/IMG_1751-1024x1024.jpg\" class=\"attachment-large size-large\" alt=\"\" srcset=\"https:\/\/xn--nfholzbau-v2a.ch\/wp-content\/uploads\/2015\/03\/IMG_1751-1024x1024.jpg 1024w, https:\/\/xn--nfholzbau-v2a.ch\/wp-content\/uploads\/2015\/03\/IMG_1751-150x150.jpg 150w, https:\/\/xn--nfholzbau-v2a.ch\/wp-content\/uploads\/2015\/03\/IMG_1751-300x300.jpg 300w\" sizes=\"(max-width: 1024px) 100vw, 1024px\" \/>\n\t\t\t<\/div><\/figure><figure class='gallery-item'>\n\t\t\t<div class='gallery-icon landscape'>\n\t\t\t\t<img loading=\"lazy\" decoding=\"async\" width=\"1024\" height=\"1024\" src=\"https:\/\/xn--nfholzbau-v2a.ch\/wp-content\/uploads\/2015\/03\/IMG_1749-1024x1024.jpg\" class=\"attachment-large size-large\" alt=\"\" srcset=\"https:\/\/xn--nfholzbau-v2a.ch\/wp-content\/uploads\/2015\/03\/IMG_1749-1024x1024.jpg 1024w, https:\/\/xn--nfholzbau-v2a.ch\/wp-content\/uploads\/2015\/03\/IMG_1749-150x150.jpg 150w, https:\/\/xn--nfholzbau-v2a.ch\/wp-content\/uploads\/2015\/03\/IMG_1749-300x300.jpg 300w\" sizes=\"(max-width: 1024px) 100vw, 1024px\" \/>\n\t\t\t<\/div><\/figure>\n\t\t<\/div>\n\n<p>Es wurde fleissig geschliffen, gemessen, gebohrt, geleimt und geschraubt&#8230;<\/p>\n<div id='gallery-2' class='gallery galleryid-937 gallery-columns-4 gallery-size-large'><figure class='gallery-item'>\n\t\t\t<div class='gallery-icon landscape'>\n\t\t\t\t<a href='https:\/\/xn--nfholzbau-v2a.ch\/?attachment_id=947#main'><img loading=\"lazy\" decoding=\"async\" width=\"1024\" height=\"1024\" src=\"https:\/\/xn--nfholzbau-v2a.ch\/wp-content\/uploads\/2015\/03\/IMG_1758-1024x1024.jpg\" class=\"attachment-large size-large\" alt=\"\" srcset=\"https:\/\/xn--nfholzbau-v2a.ch\/wp-content\/uploads\/2015\/03\/IMG_1758-1024x1024.jpg 1024w, https:\/\/xn--nfholzbau-v2a.ch\/wp-content\/uploads\/2015\/03\/IMG_1758-150x150.jpg 150w, https:\/\/xn--nfholzbau-v2a.ch\/wp-content\/uploads\/2015\/03\/IMG_1758-300x300.jpg 300w\" sizes=\"(max-width: 1024px) 100vw, 1024px\" \/><\/a>\n\t\t\t<\/div><\/figure><figure class='gallery-item'>\n\t\t\t<div class='gallery-icon landscape'>\n\t\t\t\t<a href='https:\/\/xn--nfholzbau-v2a.ch\/?attachment_id=948#main'><img loading=\"lazy\" decoding=\"async\" width=\"1024\" height=\"1024\" src=\"https:\/\/xn--nfholzbau-v2a.ch\/wp-content\/uploads\/2015\/03\/IMG_1755-1024x1024.jpg\" class=\"attachment-large size-large\" alt=\"\" srcset=\"https:\/\/xn--nfholzbau-v2a.ch\/wp-content\/uploads\/2015\/03\/IMG_1755-1024x1024.jpg 1024w, https:\/\/xn--nfholzbau-v2a.ch\/wp-content\/uploads\/2015\/03\/IMG_1755-150x150.jpg 150w, https:\/\/xn--nfholzbau-v2a.ch\/wp-content\/uploads\/2015\/03\/IMG_1755-300x300.jpg 300w\" sizes=\"(max-width: 1024px) 100vw, 1024px\" \/><\/a>\n\t\t\t<\/div><\/figure><figure class='gallery-item'>\n\t\t\t<div class='gallery-icon landscape'>\n\t\t\t\t<a href='https:\/\/xn--nfholzbau-v2a.ch\/?attachment_id=946#main'><img loading=\"lazy\" decoding=\"async\" width=\"1024\" height=\"1024\" src=\"https:\/\/xn--nfholzbau-v2a.ch\/wp-content\/uploads\/2015\/03\/IMG_1767-1024x1024.jpg\" class=\"attachment-large size-large\" alt=\"\" srcset=\"https:\/\/xn--nfholzbau-v2a.ch\/wp-content\/uploads\/2015\/03\/IMG_1767-1024x1024.jpg 1024w, https:\/\/xn--nfholzbau-v2a.ch\/wp-content\/uploads\/2015\/03\/IMG_1767-150x150.jpg 150w, https:\/\/xn--nfholzbau-v2a.ch\/wp-content\/uploads\/2015\/03\/IMG_1767-300x300.jpg 300w\" sizes=\"(max-width: 1024px) 100vw, 1024px\" \/><\/a>\n\t\t\t<\/div><\/figure><figure class='gallery-item'>\n\t\t\t<div class='gallery-icon landscape'>\n\t\t\t\t<a href='https:\/\/xn--nfholzbau-v2a.ch\/?attachment_id=942#main'><img loading=\"lazy\" decoding=\"async\" width=\"1024\" height=\"1024\" src=\"https:\/\/xn--nfholzbau-v2a.ch\/wp-content\/uploads\/2015\/03\/IMG_1792-1024x1024.jpg\" class=\"attachment-large size-large\" alt=\"\" srcset=\"https:\/\/xn--nfholzbau-v2a.ch\/wp-content\/uploads\/2015\/03\/IMG_1792-1024x1024.jpg 1024w, https:\/\/xn--nfholzbau-v2a.ch\/wp-content\/uploads\/2015\/03\/IMG_1792-150x150.jpg 150w, https:\/\/xn--nfholzbau-v2a.ch\/wp-content\/uploads\/2015\/03\/IMG_1792-300x300.jpg 300w\" sizes=\"(max-width: 1024px) 100vw, 1024px\" \/><\/a>\n\t\t\t<\/div><\/figure><figure class='gallery-item'>\n\t\t\t<div class='gallery-icon portrait'>\n\t\t\t\t<a href='https:\/\/xn--nfholzbau-v2a.ch\/?attachment_id=941#main'><img loading=\"lazy\" decoding=\"async\" width=\"1024\" height=\"1024\" src=\"https:\/\/xn--nfholzbau-v2a.ch\/wp-content\/uploads\/2015\/03\/IMG_1803-1024x1024.jpg\" class=\"attachment-large size-large\" alt=\"\" srcset=\"https:\/\/xn--nfholzbau-v2a.ch\/wp-content\/uploads\/2015\/03\/IMG_1803-1024x1024.jpg 1024w, https:\/\/xn--nfholzbau-v2a.ch\/wp-content\/uploads\/2015\/03\/IMG_1803-150x150.jpg 150w, https:\/\/xn--nfholzbau-v2a.ch\/wp-content\/uploads\/2015\/03\/IMG_1803-300x300.jpg 300w\" sizes=\"(max-width: 1024px) 100vw, 1024px\" \/><\/a>\n\t\t\t<\/div><\/figure><figure class='gallery-item'>\n\t\t\t<div class='gallery-icon portrait'>\n\t\t\t\t<a href='https:\/\/xn--nfholzbau-v2a.ch\/?attachment_id=943#main'><img loading=\"lazy\" decoding=\"async\" width=\"1024\" height=\"1024\" src=\"https:\/\/xn--nfholzbau-v2a.ch\/wp-content\/uploads\/2015\/03\/IMG_1774-1024x1024.jpg\" class=\"attachment-large size-large\" alt=\"\" srcset=\"https:\/\/xn--nfholzbau-v2a.ch\/wp-content\/uploads\/2015\/03\/IMG_1774-1024x1024.jpg 1024w, https:\/\/xn--nfholzbau-v2a.ch\/wp-content\/uploads\/2015\/03\/IMG_1774-150x150.jpg 150w, https:\/\/xn--nfholzbau-v2a.ch\/wp-content\/uploads\/2015\/03\/IMG_1774-300x300.jpg 300w\" sizes=\"(max-width: 1024px) 100vw, 1024px\" \/><\/a>\n\t\t\t<\/div><\/figure><figure class='gallery-item'>\n\t\t\t<div class='gallery-icon landscape'>\n\t\t\t\t<a href='https:\/\/xn--nfholzbau-v2a.ch\/?attachment_id=940#main'><img loading=\"lazy\" decoding=\"async\" width=\"1024\" height=\"1024\" src=\"https:\/\/xn--nfholzbau-v2a.ch\/wp-content\/uploads\/2015\/03\/IMG_1811-1024x1024.jpg\" class=\"attachment-large size-large\" alt=\"\" srcset=\"https:\/\/xn--nfholzbau-v2a.ch\/wp-content\/uploads\/2015\/03\/IMG_1811-1024x1024.jpg 1024w, https:\/\/xn--nfholzbau-v2a.ch\/wp-content\/uploads\/2015\/03\/IMG_1811-150x150.jpg 150w, https:\/\/xn--nfholzbau-v2a.ch\/wp-content\/uploads\/2015\/03\/IMG_1811-300x300.jpg 300w\" sizes=\"(max-width: 1024px) 100vw, 1024px\" \/><\/a>\n\t\t\t<\/div><\/figure><figure class='gallery-item'>\n\t\t\t<div class='gallery-icon portrait'>\n\t\t\t\t<a href='https:\/\/xn--nfholzbau-v2a.ch\/?attachment_id=944#main'><img loading=\"lazy\" decoding=\"async\" width=\"1024\" height=\"1024\" src=\"https:\/\/xn--nfholzbau-v2a.ch\/wp-content\/uploads\/2015\/03\/IMG_1770-1024x1024.jpg\" class=\"attachment-large size-large\" alt=\"\" srcset=\"https:\/\/xn--nfholzbau-v2a.ch\/wp-content\/uploads\/2015\/03\/IMG_1770-1024x1024.jpg 1024w, https:\/\/xn--nfholzbau-v2a.ch\/wp-content\/uploads\/2015\/03\/IMG_1770-150x150.jpg 150w, https:\/\/xn--nfholzbau-v2a.ch\/wp-content\/uploads\/2015\/03\/IMG_1770-300x300.jpg 300w\" sizes=\"(max-width: 1024px) 100vw, 1024px\" \/><\/a>\n\t\t\t<\/div><\/figure>\n\t\t<\/div>\n\n<p>und nochmals geschliffen.<\/p>\n<div id='gallery-3' class='gallery galleryid-937 gallery-columns-2 gallery-size-large'><figure class='gallery-item'>\n\t\t\t<div class='gallery-icon landscape'>\n\t\t\t\t<img loading=\"lazy\" decoding=\"async\" width=\"1024\" height=\"1024\" src=\"https:\/\/xn--nfholzbau-v2a.ch\/wp-content\/uploads\/2015\/03\/IMG_1768-1024x1024.jpg\" class=\"attachment-large size-large\" alt=\"\" srcset=\"https:\/\/xn--nfholzbau-v2a.ch\/wp-content\/uploads\/2015\/03\/IMG_1768-1024x1024.jpg 1024w, https:\/\/xn--nfholzbau-v2a.ch\/wp-content\/uploads\/2015\/03\/IMG_1768-150x150.jpg 150w, https:\/\/xn--nfholzbau-v2a.ch\/wp-content\/uploads\/2015\/03\/IMG_1768-300x300.jpg 300w\" sizes=\"(max-width: 1024px) 100vw, 1024px\" \/>\n\t\t\t<\/div><\/figure><figure class='gallery-item'>\n\t\t\t<div class='gallery-icon landscape'>\n\t\t\t\t<img loading=\"lazy\" decoding=\"async\" width=\"1024\" height=\"1024\" src=\"https:\/\/xn--nfholzbau-v2a.ch\/wp-content\/uploads\/2015\/03\/IMG_16072-1024x1024.jpg\" class=\"attachment-large size-large\" alt=\"\" srcset=\"https:\/\/xn--nfholzbau-v2a.ch\/wp-content\/uploads\/2015\/03\/IMG_16072-1024x1024.jpg 1024w, https:\/\/xn--nfholzbau-v2a.ch\/wp-content\/uploads\/2015\/03\/IMG_16072-150x150.jpg 150w, https:\/\/xn--nfholzbau-v2a.ch\/wp-content\/uploads\/2015\/03\/IMG_16072-300x300.jpg 300w\" sizes=\"(max-width: 1024px) 100vw, 1024px\" \/>\n\t\t\t<\/div><\/figure>\n\t\t<\/div>\n\n<p>Und weil alle Kinder so z\u00fcgig gearbeitet haben, blieb sogar noch Zeit \u00fcbrig f\u00fcr einen Rundgang durch die Werkstatt.<\/p>\n<p>Liebe Kinder, ihr habt es sehr gut gemacht. Wir w\u00fcnschen euch viel Spass beim Chillen.<\/p>\n<p>&nbsp;<\/p>\n<p>&nbsp;<\/p>\n","protected":false},"excerpt":{"rendered":"<p>Am 10. August 2016 schreinerten 2 M\u00e4dchen und 6 Knaben unter der Leitung von Georg N\u00e4f ihren eigenen Stuhl. Es wurde fleissig geschliffen, gemessen, gebohrt, geleimt und geschraubt&#8230; und nochmals geschliffen. Und weil alle Kinder so z\u00fcgig gearbeitet haben, blieb sogar noch Zeit \u00fcbrig f\u00fcr einen Rundgang durch die Werkstatt. Liebe Kinder, ihr habt es &#8230; <a title=\"Ferienplausch 2016\" class=\"read-more\" href=\"https:\/\/xn--nfholzbau-v2a.ch\/?page_id=937\" aria-label=\"Mehr Informationen \u00fcber Ferienplausch 2016\">Weiterlesen<\/a><\/p>\n","protected":false},"author":1,"featured_media":0,"parent":0,"menu_order":0,"comment_status":"closed","ping_status":"closed","template":"","meta":{"footnotes":""},"class_list":["post-937","page","type-page","status-publish"],"_links":{"self":[{"href":"https:\/\/xn--nfholzbau-v2a.ch\/index.php?rest_route=\/wp\/v2\/pages\/937"}],"collection":[{"href":"https:\/\/xn--nfholzbau-v2a.ch\/index.php?rest_route=\/wp\/v2\/pages"}],"about":[{"href":"https:\/\/xn--nfholzbau-v2a.ch\/index.php?rest_route=\/wp\/v2\/types\/page"}],"author":[{"embeddable":true,"href":"https:\/\/xn--nfholzbau-v2a.ch\/index.php?rest_route=\/wp\/v2\/users\/1"}],"replies":[{"embeddable":true,"href":"https:\/\/xn--nfholzbau-v2a.ch\/index.php?rest_route=%2Fwp%2Fv2%2Fcomments&post=937"}],"version-history":[{"count":7,"href":"https:\/\/xn--nfholzbau-v2a.ch\/index.php?rest_route=\/wp\/v2\/pages\/937\/revisions"}],"predecessor-version":[{"id":961,"href":"https:\/\/xn--nfholzbau-v2a.ch\/index.php?rest_route=\/wp\/v2\/pages\/937\/revisions\/961"}],"wp:attachment":[{"href":"https:\/\/xn--nfholzbau-v2a.ch\/index.php?rest_route=%2Fwp%2Fv2%2Fmedia&parent=937"}],"curies":[{"name":"wp","href":"https:\/\/api.w.org\/{rel}","templated":true}]}}