{"id":795,"date":"2015-10-22T15:44:45","date_gmt":"2015-10-22T15:44:45","guid":{"rendered":"http:\/\/xn--nfholzbau-v2a.ch\/?page_id=795"},"modified":"2023-05-25T06:58:11","modified_gmt":"2023-05-25T06:58:11","slug":"terrassenboeden","status":"publish","type":"page","link":"https:\/\/xn--nfholzbau-v2a.ch\/?page_id=795","title":{"rendered":"Terrassen"},"content":{"rendered":"<p>Der Gestaltung im Aussenbereich sind fast keine Grenzen gesetzt. Wir geben Ihnen gerne Auskunft \u00fcber die verschiedenen Materialien f\u00fcr Terrassenb\u00f6den.<\/p>\n<h3>Terrasse<\/h3>\n<div id='gallery-1' class='gallery galleryid-795 gallery-columns-2 gallery-size-full'><figure class='gallery-item'>\n\t\t\t<div class='gallery-icon landscape'>\n\t\t\t\t<img loading=\"lazy\" decoding=\"async\" width=\"1067\" height=\"800\" src=\"https:\/\/xn--nfholzbau-v2a.ch\/wp-content\/uploads\/2023\/05\/IMG_20220428_150852_2.jpg\" class=\"attachment-full size-full\" alt=\"\" srcset=\"https:\/\/xn--nfholzbau-v2a.ch\/wp-content\/uploads\/2023\/05\/IMG_20220428_150852_2.jpg 1067w, https:\/\/xn--nfholzbau-v2a.ch\/wp-content\/uploads\/2023\/05\/IMG_20220428_150852_2-768x575.jpg 768w\" sizes=\"(max-width: 1067px) 100vw, 1067px\" \/>\n\t\t\t<\/div><\/figure><figure class='gallery-item'>\n\t\t\t<div class='gallery-icon landscape'>\n\t\t\t\t<img loading=\"lazy\" decoding=\"async\" width=\"1067\" height=\"800\" src=\"https:\/\/xn--nfholzbau-v2a.ch\/wp-content\/uploads\/2023\/05\/IMG_20220428_151235_2.jpg\" class=\"attachment-full size-full\" alt=\"\" srcset=\"https:\/\/xn--nfholzbau-v2a.ch\/wp-content\/uploads\/2023\/05\/IMG_20220428_151235_2.jpg 1067w, https:\/\/xn--nfholzbau-v2a.ch\/wp-content\/uploads\/2023\/05\/IMG_20220428_151235_2-768x575.jpg 768w\" sizes=\"(max-width: 1067px) 100vw, 1067px\" \/>\n\t\t\t<\/div><\/figure>\n\t\t<\/div>\n\n<div id='gallery-2' class='gallery galleryid-795 gallery-columns-2 gallery-size-full'><figure class='gallery-item'>\n\t\t\t<div class='gallery-icon landscape'>\n\t\t\t\t<img loading=\"lazy\" decoding=\"async\" width=\"1067\" height=\"800\" src=\"https:\/\/xn--nfholzbau-v2a.ch\/wp-content\/uploads\/2023\/05\/IMG_20220428_151147_2.jpg\" class=\"attachment-full size-full\" alt=\"\" srcset=\"https:\/\/xn--nfholzbau-v2a.ch\/wp-content\/uploads\/2023\/05\/IMG_20220428_151147_2.jpg 1067w, https:\/\/xn--nfholzbau-v2a.ch\/wp-content\/uploads\/2023\/05\/IMG_20220428_151147_2-768x575.jpg 768w\" sizes=\"(max-width: 1067px) 100vw, 1067px\" \/>\n\t\t\t<\/div><\/figure><figure class='gallery-item'>\n\t\t\t<div class='gallery-icon landscape'>\n\t\t\t\t<img loading=\"lazy\" decoding=\"async\" width=\"1067\" height=\"800\" src=\"https:\/\/xn--nfholzbau-v2a.ch\/wp-content\/uploads\/2023\/05\/IMG_20220428_151218_2.jpg\" class=\"attachment-full size-full\" alt=\"\" srcset=\"https:\/\/xn--nfholzbau-v2a.ch\/wp-content\/uploads\/2023\/05\/IMG_20220428_151218_2.jpg 1067w, https:\/\/xn--nfholzbau-v2a.ch\/wp-content\/uploads\/2023\/05\/IMG_20220428_151218_2-768x575.jpg 768w\" sizes=\"(max-width: 1067px) 100vw, 1067px\" \/>\n\t\t\t<\/div><\/figure>\n\t\t<\/div>\n\n<p>&nbsp;<\/p>\n<h3>Sitzplatz<\/h3>\n<p><img loading=\"lazy\" decoding=\"async\" class=\"aligncenter size-full wp-image-1334\" src=\"https:\/\/xn--nfholzbau-v2a.ch\/wp-content\/uploads\/2023\/05\/XOXR6659_2.jpg\" alt=\"\" width=\"1422\" height=\"800\" srcset=\"https:\/\/xn--nfholzbau-v2a.ch\/wp-content\/uploads\/2023\/05\/XOXR6659_2.jpg 1422w, https:\/\/xn--nfholzbau-v2a.ch\/wp-content\/uploads\/2023\/05\/XOXR6659_2-768x432.jpg 768w\" sizes=\"(max-width: 1422px) 100vw, 1422px\" \/><\/p>\n<p>&nbsp;<\/p>\n<h3>Balkon<\/h3>\n<div id='gallery-3' class='gallery galleryid-795 gallery-columns-2 gallery-size-full'><figure class='gallery-item'>\n\t\t\t<div class='gallery-icon landscape'>\n\t\t\t\t<img loading=\"lazy\" decoding=\"async\" width=\"1067\" height=\"800\" src=\"https:\/\/xn--nfholzbau-v2a.ch\/wp-content\/uploads\/2023\/05\/IMG_20220518_134212_2.jpg\" class=\"attachment-full size-full\" alt=\"\" srcset=\"https:\/\/xn--nfholzbau-v2a.ch\/wp-content\/uploads\/2023\/05\/IMG_20220518_134212_2.jpg 1067w, https:\/\/xn--nfholzbau-v2a.ch\/wp-content\/uploads\/2023\/05\/IMG_20220518_134212_2-768x575.jpg 768w\" sizes=\"(max-width: 1067px) 100vw, 1067px\" \/>\n\t\t\t<\/div><\/figure><figure class='gallery-item'>\n\t\t\t<div class='gallery-icon landscape'>\n\t\t\t\t<img loading=\"lazy\" decoding=\"async\" width=\"1067\" height=\"800\" src=\"https:\/\/xn--nfholzbau-v2a.ch\/wp-content\/uploads\/2023\/05\/IMG_20220518_134428_2.jpg\" class=\"attachment-full size-full\" alt=\"\" srcset=\"https:\/\/xn--nfholzbau-v2a.ch\/wp-content\/uploads\/2023\/05\/IMG_20220518_134428_2.jpg 1067w, https:\/\/xn--nfholzbau-v2a.ch\/wp-content\/uploads\/2023\/05\/IMG_20220518_134428_2-768x575.jpg 768w\" sizes=\"(max-width: 1067px) 100vw, 1067px\" \/>\n\t\t\t<\/div><\/figure>\n\t\t<\/div>\n\n<p>&nbsp;<\/p>\n<h3>Terrassenboden Accoya<\/h3>\n<p><img loading=\"lazy\" decoding=\"async\" class=\"aligncenter size-full wp-image-1263\" src=\"https:\/\/xn--nfholzbau-v2a.ch\/wp-content\/uploads\/2023\/05\/75A_5662_2.jpg\" alt=\"\" width=\"1198\" height=\"800\" srcset=\"https:\/\/xn--nfholzbau-v2a.ch\/wp-content\/uploads\/2023\/05\/75A_5662_2.jpg 1198w, https:\/\/xn--nfholzbau-v2a.ch\/wp-content\/uploads\/2023\/05\/75A_5662_2-768x512.jpg 768w\" sizes=\"(max-width: 1198px) 100vw, 1198px\" \/><\/p>\n<p>&nbsp;<\/p>\n<h3>Terrassenboden<\/h3>\n<p><img loading=\"lazy\" decoding=\"async\" class=\"aligncenter size-full wp-image-1127\" src=\"https:\/\/xn--nfholzbau-v2a.ch\/wp-content\/uploads\/2018\/03\/P1000529.jpg\" alt=\"\" width=\"1600\" height=\"1200\" srcset=\"https:\/\/xn--nfholzbau-v2a.ch\/wp-content\/uploads\/2018\/03\/P1000529.jpg 1600w, https:\/\/xn--nfholzbau-v2a.ch\/wp-content\/uploads\/2018\/03\/P1000529-768x576.jpg 768w\" sizes=\"(max-width: 1600px) 100vw, 1600px\" \/><\/p>\n<div id='gallery-4' class='gallery galleryid-795 gallery-columns-2 gallery-size-full'><figure class='gallery-item'>\n\t\t\t<div class='gallery-icon landscape'>\n\t\t\t\t<a href='https:\/\/xn--nfholzbau-v2a.ch\/wp-content\/uploads\/2018\/03\/P1000523.jpg'><img loading=\"lazy\" decoding=\"async\" width=\"1600\" height=\"1200\" src=\"https:\/\/xn--nfholzbau-v2a.ch\/wp-content\/uploads\/2018\/03\/P1000523.jpg\" class=\"attachment-full size-full\" alt=\"\" srcset=\"https:\/\/xn--nfholzbau-v2a.ch\/wp-content\/uploads\/2018\/03\/P1000523.jpg 1600w, https:\/\/xn--nfholzbau-v2a.ch\/wp-content\/uploads\/2018\/03\/P1000523-768x576.jpg 768w\" sizes=\"(max-width: 1600px) 100vw, 1600px\" \/><\/a>\n\t\t\t<\/div><\/figure><figure class='gallery-item'>\n\t\t\t<div class='gallery-icon landscape'>\n\t\t\t\t<a href='https:\/\/xn--nfholzbau-v2a.ch\/wp-content\/uploads\/2018\/03\/P1000525.jpg'><img loading=\"lazy\" decoding=\"async\" width=\"1600\" height=\"1200\" src=\"https:\/\/xn--nfholzbau-v2a.ch\/wp-content\/uploads\/2018\/03\/P1000525.jpg\" class=\"attachment-full size-full\" alt=\"\" srcset=\"https:\/\/xn--nfholzbau-v2a.ch\/wp-content\/uploads\/2018\/03\/P1000525.jpg 1600w, https:\/\/xn--nfholzbau-v2a.ch\/wp-content\/uploads\/2018\/03\/P1000525-768x576.jpg 768w\" sizes=\"(max-width: 1600px) 100vw, 1600px\" \/><\/a>\n\t\t\t<\/div><\/figure>\n\t\t<\/div>\n\n<p>&nbsp;<\/p>\n<h3>Sitzplatz<\/h3>\n<div id='gallery-5' class='gallery galleryid-795 gallery-columns-2 gallery-size-full'><figure class='gallery-item'>\n\t\t\t<div class='gallery-icon landscape'>\n\t\t\t\t<a href='https:\/\/xn--nfholzbau-v2a.ch\/wp-content\/uploads\/2015\/03\/P1000199.jpg'><img loading=\"lazy\" decoding=\"async\" width=\"1600\" height=\"1200\" src=\"https:\/\/xn--nfholzbau-v2a.ch\/wp-content\/uploads\/2015\/03\/P1000199.jpg\" class=\"attachment-full size-full\" alt=\"\" \/><\/a>\n\t\t\t<\/div><\/figure><figure class='gallery-item'>\n\t\t\t<div class='gallery-icon landscape'>\n\t\t\t\t<a href='https:\/\/xn--nfholzbau-v2a.ch\/wp-content\/uploads\/2015\/03\/P1000201.jpg'><img loading=\"lazy\" decoding=\"async\" width=\"1600\" height=\"1200\" src=\"https:\/\/xn--nfholzbau-v2a.ch\/wp-content\/uploads\/2015\/03\/P1000201.jpg\" class=\"attachment-full size-full\" alt=\"\" \/><\/a>\n\t\t\t<\/div><\/figure>\n\t\t<\/div>\n\n<p>&nbsp;<\/p>\n<h3>Balkonboden<\/h3>\n<div id='gallery-6' class='gallery galleryid-795 gallery-columns-1 gallery-size-full'><figure class='gallery-item'>\n\t\t\t<div class='gallery-icon landscape'>\n\t\t\t\t<a href='https:\/\/xn--nfholzbau-v2a.ch\/wp-content\/uploads\/2015\/03\/P1000321.jpg'><img loading=\"lazy\" decoding=\"async\" width=\"1600\" height=\"1600\" src=\"https:\/\/xn--nfholzbau-v2a.ch\/wp-content\/uploads\/2015\/03\/P1000321.jpg\" class=\"attachment-full size-full\" alt=\"\" srcset=\"https:\/\/xn--nfholzbau-v2a.ch\/wp-content\/uploads\/2015\/03\/P1000321.jpg 1600w, https:\/\/xn--nfholzbau-v2a.ch\/wp-content\/uploads\/2015\/03\/P1000321-150x150.jpg 150w, https:\/\/xn--nfholzbau-v2a.ch\/wp-content\/uploads\/2015\/03\/P1000321-300x300.jpg 300w, https:\/\/xn--nfholzbau-v2a.ch\/wp-content\/uploads\/2015\/03\/P1000321-1024x1024.jpg 1024w\" sizes=\"(max-width: 1600px) 100vw, 1600px\" \/><\/a>\n\t\t\t<\/div><\/figure>\n\t\t<\/div>\n\n","protected":false},"excerpt":{"rendered":"<p>Der Gestaltung im Aussenbereich sind fast keine Grenzen gesetzt. Wir geben Ihnen gerne Auskunft \u00fcber die verschiedenen Materialien f\u00fcr Terrassenb\u00f6den. Terrasse &nbsp; Sitzplatz &nbsp; Balkon &nbsp; Terrassenboden Accoya &nbsp; Terrassenboden &nbsp; Sitzplatz &nbsp; Balkonboden<\/p>\n","protected":false},"author":1,"featured_media":0,"parent":29,"menu_order":5,"comment_status":"closed","ping_status":"closed","template":"","meta":{"footnotes":""},"class_list":["post-795","page","type-page","status-publish"],"_links":{"self":[{"href":"https:\/\/xn--nfholzbau-v2a.ch\/index.php?rest_route=\/wp\/v2\/pages\/795"}],"collection":[{"href":"https:\/\/xn--nfholzbau-v2a.ch\/index.php?rest_route=\/wp\/v2\/pages"}],"about":[{"href":"https:\/\/xn--nfholzbau-v2a.ch\/index.php?rest_route=\/wp\/v2\/types\/page"}],"author":[{"embeddable":true,"href":"https:\/\/xn--nfholzbau-v2a.ch\/index.php?rest_route=\/wp\/v2\/users\/1"}],"replies":[{"embeddable":true,"href":"https:\/\/xn--nfholzbau-v2a.ch\/index.php?rest_route=%2Fwp%2Fv2%2Fcomments&post=795"}],"version-history":[{"count":9,"href":"https:\/\/xn--nfholzbau-v2a.ch\/index.php?rest_route=\/wp\/v2\/pages\/795\/revisions"}],"predecessor-version":[{"id":1341,"href":"https:\/\/xn--nfholzbau-v2a.ch\/index.php?rest_route=\/wp\/v2\/pages\/795\/revisions\/1341"}],"up":[{"embeddable":true,"href":"https:\/\/xn--nfholzbau-v2a.ch\/index.php?rest_route=\/wp\/v2\/pages\/29"}],"wp:attachment":[{"href":"https:\/\/xn--nfholzbau-v2a.ch\/index.php?rest_route=%2Fwp%2Fv2%2Fmedia&parent=795"}],"curies":[{"name":"wp","href":"https:\/\/api.w.org\/{rel}","templated":true}]}}