{"id":39,"date":"2015-03-03T17:20:14","date_gmt":"2015-03-03T17:20:14","guid":{"rendered":"http:\/\/xn--nfholzbau-v2a.ch\/?page_id=39"},"modified":"2023-05-25T07:22:04","modified_gmt":"2023-05-25T07:22:04","slug":"tueren","status":"publish","type":"page","link":"https:\/\/xn--nfholzbau-v2a.ch\/?page_id=39","title":{"rendered":"T\u00fcren"},"content":{"rendered":"<p>In unserer Werkstatt fertigen wir f\u00fcr Sie Innen- und Aussent\u00fcren aus Holz nach Ihren W\u00fcnschen. T\u00fcren aus Aluminium, Kunststoff oder Glas geh\u00f6ren ebenfalls zu unserem Angebot. Alle T\u00fcren k\u00f6nnen mit dem n\u00f6tigen Schliesssystem ausger\u00fcstet werden.<\/p>\n<h3>Haust\u00fcren<\/h3>\n<p><img loading=\"lazy\" decoding=\"async\" class=\"aligncenter size-full wp-image-1269\" src=\"https:\/\/xn--nfholzbau-v2a.ch\/wp-content\/uploads\/2023\/05\/75A_5665_2.jpg\" alt=\"\" width=\"800\" height=\"1198\" srcset=\"https:\/\/xn--nfholzbau-v2a.ch\/wp-content\/uploads\/2023\/05\/75A_5665_2.jpg 800w, https:\/\/xn--nfholzbau-v2a.ch\/wp-content\/uploads\/2023\/05\/75A_5665_2-768x1150.jpg 768w\" sizes=\"(max-width: 800px) 100vw, 800px\" \/><\/p>\n<div id='gallery-1' class='gallery galleryid-39 gallery-columns-2 gallery-size-full'><figure class='gallery-item'>\n\t\t\t<div class='gallery-icon portrait'>\n\t\t\t\t<a href='https:\/\/xn--nfholzbau-v2a.ch\/wp-content\/uploads\/2015\/03\/P10000881.jpg'><img loading=\"lazy\" decoding=\"async\" width=\"1200\" height=\"1600\" src=\"https:\/\/xn--nfholzbau-v2a.ch\/wp-content\/uploads\/2015\/03\/P10000881.jpg\" class=\"attachment-full size-full\" alt=\"\" \/><\/a>\n\t\t\t<\/div><\/figure><figure class='gallery-item'>\n\t\t\t<div class='gallery-icon portrait'>\n\t\t\t\t<a href='https:\/\/xn--nfholzbau-v2a.ch\/wp-content\/uploads\/2015\/03\/IMG_1560.jpg'><img loading=\"lazy\" decoding=\"async\" width=\"1200\" height=\"1600\" src=\"https:\/\/xn--nfholzbau-v2a.ch\/wp-content\/uploads\/2015\/03\/IMG_1560.jpg\" class=\"attachment-full size-full\" alt=\"\" \/><\/a>\n\t\t\t<\/div><\/figure>\n\t\t<\/div>\n\n<div id='gallery-2' class='gallery galleryid-39 gallery-columns-2 gallery-size-full'><figure class='gallery-item'>\n\t\t\t<div class='gallery-icon portrait'>\n\t\t\t\t<a href='https:\/\/xn--nfholzbau-v2a.ch\/wp-content\/uploads\/2015\/03\/alle-vom-20.09.2010-0311-e1433440170914.jpg'><img loading=\"lazy\" decoding=\"async\" width=\"600\" height=\"800\" src=\"https:\/\/xn--nfholzbau-v2a.ch\/wp-content\/uploads\/2015\/03\/alle-vom-20.09.2010-0311-e1433440170914.jpg\" class=\"attachment-full size-full\" alt=\"\" \/><\/a>\n\t\t\t<\/div><\/figure><figure class='gallery-item'>\n\t\t\t<div class='gallery-icon landscape'>\n\t\t\t\t<a href='https:\/\/xn--nfholzbau-v2a.ch\/wp-content\/uploads\/2015\/03\/alle-vom-20.09.2010-0291.jpg'><img loading=\"lazy\" decoding=\"async\" width=\"640\" height=\"480\" src=\"https:\/\/xn--nfholzbau-v2a.ch\/wp-content\/uploads\/2015\/03\/alle-vom-20.09.2010-0291.jpg\" class=\"attachment-full size-full\" alt=\"\" \/><\/a>\n\t\t\t<\/div><\/figure>\n\t\t<\/div>\n\n<p>&nbsp;<\/p>\n<h3>Wohnungst\u00fcre<\/h3>\n<p><img loading=\"lazy\" decoding=\"async\" class=\"aligncenter size-full wp-image-1344\" src=\"https:\/\/xn--nfholzbau-v2a.ch\/wp-content\/uploads\/2023\/05\/IMG_6371-2_2.jpg\" alt=\"\" width=\"800\" height=\"1122\" srcset=\"https:\/\/xn--nfholzbau-v2a.ch\/wp-content\/uploads\/2023\/05\/IMG_6371-2_2.jpg 800w, https:\/\/xn--nfholzbau-v2a.ch\/wp-content\/uploads\/2023\/05\/IMG_6371-2_2-768x1077.jpg 768w\" sizes=\"(max-width: 800px) 100vw, 800px\" \/><\/p>\n<p>&nbsp;<\/p>\n<h3>Zimmert\u00fcren<\/h3>\n<div id='gallery-3' class='gallery galleryid-39 gallery-columns-3 gallery-size-full'><figure class='gallery-item'>\n\t\t\t<div class='gallery-icon portrait'>\n\t\t\t\t<a href='https:\/\/xn--nfholzbau-v2a.ch\/wp-content\/uploads\/2015\/03\/P1000282-e1433420602872.jpg'><img loading=\"lazy\" decoding=\"async\" width=\"768\" height=\"1024\" src=\"https:\/\/xn--nfholzbau-v2a.ch\/wp-content\/uploads\/2015\/03\/P1000282-e1433420602872.jpg\" class=\"attachment-full size-full\" alt=\"\" \/><\/a>\n\t\t\t<\/div><\/figure><figure class='gallery-item'>\n\t\t\t<div class='gallery-icon portrait'>\n\t\t\t\t<a href='https:\/\/xn--nfholzbau-v2a.ch\/wp-content\/uploads\/2015\/03\/P1000160.jpg'><img loading=\"lazy\" decoding=\"async\" width=\"768\" height=\"1024\" src=\"https:\/\/xn--nfholzbau-v2a.ch\/wp-content\/uploads\/2015\/03\/P1000160.jpg\" class=\"attachment-full size-full\" alt=\"\" \/><\/a>\n\t\t\t<\/div><\/figure><figure class='gallery-item'>\n\t\t\t<div class='gallery-icon landscape'>\n\t\t\t\t<a href='https:\/\/xn--nfholzbau-v2a.ch\/wp-content\/uploads\/2015\/03\/diverses-131.jpg'><img loading=\"lazy\" decoding=\"async\" width=\"800\" height=\"600\" src=\"https:\/\/xn--nfholzbau-v2a.ch\/wp-content\/uploads\/2015\/03\/diverses-131.jpg\" class=\"attachment-full size-full\" alt=\"\" \/><\/a>\n\t\t\t<\/div><\/figure>\n\t\t<\/div>\n\n","protected":false},"excerpt":{"rendered":"<p>In unserer Werkstatt fertigen wir f\u00fcr Sie Innen- und Aussent\u00fcren aus Holz nach Ihren W\u00fcnschen. T\u00fcren aus Aluminium, Kunststoff oder Glas geh\u00f6ren ebenfalls zu unserem Angebot. Alle T\u00fcren k\u00f6nnen mit dem n\u00f6tigen Schliesssystem ausger\u00fcstet werden. Haust\u00fcren &nbsp; Wohnungst\u00fcre &nbsp; Zimmert\u00fcren<\/p>\n","protected":false},"author":1,"featured_media":0,"parent":25,"menu_order":3,"comment_status":"closed","ping_status":"closed","template":"","meta":{"footnotes":""},"class_list":["post-39","page","type-page","status-publish"],"_links":{"self":[{"href":"https:\/\/xn--nfholzbau-v2a.ch\/index.php?rest_route=\/wp\/v2\/pages\/39"}],"collection":[{"href":"https:\/\/xn--nfholzbau-v2a.ch\/index.php?rest_route=\/wp\/v2\/pages"}],"about":[{"href":"https:\/\/xn--nfholzbau-v2a.ch\/index.php?rest_route=\/wp\/v2\/types\/page"}],"author":[{"embeddable":true,"href":"https:\/\/xn--nfholzbau-v2a.ch\/index.php?rest_route=\/wp\/v2\/users\/1"}],"replies":[{"embeddable":true,"href":"https:\/\/xn--nfholzbau-v2a.ch\/index.php?rest_route=%2Fwp%2Fv2%2Fcomments&post=39"}],"version-history":[{"count":31,"href":"https:\/\/xn--nfholzbau-v2a.ch\/index.php?rest_route=\/wp\/v2\/pages\/39\/revisions"}],"predecessor-version":[{"id":1348,"href":"https:\/\/xn--nfholzbau-v2a.ch\/index.php?rest_route=\/wp\/v2\/pages\/39\/revisions\/1348"}],"up":[{"embeddable":true,"href":"https:\/\/xn--nfholzbau-v2a.ch\/index.php?rest_route=\/wp\/v2\/pages\/25"}],"wp:attachment":[{"href":"https:\/\/xn--nfholzbau-v2a.ch\/index.php?rest_route=%2Fwp%2Fv2%2Fmedia&parent=39"}],"curies":[{"name":"wp","href":"https:\/\/api.w.org\/{rel}","templated":true}]}}