{"id":35,"date":"2015-03-03T17:19:30","date_gmt":"2015-03-03T17:19:30","guid":{"rendered":"http:\/\/xn--nfholzbau-v2a.ch\/?page_id=35"},"modified":"2023-05-25T06:46:09","modified_gmt":"2023-05-25T06:46:09","slug":"moebel","status":"publish","type":"page","link":"https:\/\/xn--nfholzbau-v2a.ch\/?page_id=35","title":{"rendered":"M\u00f6bel"},"content":{"rendered":"<p>Brauchen Sie ein neues Regal, ein Sideboard,\u00a0einen Tisch\u00a0oder Einbauschr\u00e4nke? Nehmen Sie mit uns Kontakt auf, wir schreinern gerne das passende M\u00f6bel f\u00fcr Sie.<\/p>\n<h3>M\u00f6bel Wohnzimmer<\/h3>\n<p><img loading=\"lazy\" decoding=\"async\" class=\"aligncenter size-full wp-image-1282\" src=\"https:\/\/xn--nfholzbau-v2a.ch\/wp-content\/uploads\/2023\/05\/75C_5135_2.jpg\" alt=\"\" width=\"1198\" height=\"800\" srcset=\"https:\/\/xn--nfholzbau-v2a.ch\/wp-content\/uploads\/2023\/05\/75C_5135_2.jpg 1198w, https:\/\/xn--nfholzbau-v2a.ch\/wp-content\/uploads\/2023\/05\/75C_5135_2-768x512.jpg 768w\" sizes=\"(max-width: 1198px) 100vw, 1198px\" \/><\/p>\n<div id='gallery-1' class='gallery galleryid-35 gallery-columns-2 gallery-size-full'><figure class='gallery-item'>\n\t\t\t<div class='gallery-icon landscape'>\n\t\t\t\t<img loading=\"lazy\" decoding=\"async\" width=\"1198\" height=\"800\" src=\"https:\/\/xn--nfholzbau-v2a.ch\/wp-content\/uploads\/2023\/05\/75C_5201_2.jpg\" class=\"attachment-full size-full\" alt=\"\" srcset=\"https:\/\/xn--nfholzbau-v2a.ch\/wp-content\/uploads\/2023\/05\/75C_5201_2.jpg 1198w, https:\/\/xn--nfholzbau-v2a.ch\/wp-content\/uploads\/2023\/05\/75C_5201_2-768x512.jpg 768w\" sizes=\"(max-width: 1198px) 100vw, 1198px\" \/>\n\t\t\t<\/div><\/figure><figure class='gallery-item'>\n\t\t\t<div class='gallery-icon landscape'>\n\t\t\t\t<img loading=\"lazy\" decoding=\"async\" width=\"1199\" height=\"800\" src=\"https:\/\/xn--nfholzbau-v2a.ch\/wp-content\/uploads\/2023\/05\/75C_5125_2.jpg\" class=\"attachment-full size-full\" alt=\"\" srcset=\"https:\/\/xn--nfholzbau-v2a.ch\/wp-content\/uploads\/2023\/05\/75C_5125_2.jpg 1199w, https:\/\/xn--nfholzbau-v2a.ch\/wp-content\/uploads\/2023\/05\/75C_5125_2-768x512.jpg 768w\" sizes=\"(max-width: 1199px) 100vw, 1199px\" \/>\n\t\t\t<\/div><\/figure>\n\t\t<\/div>\n\n<p>&nbsp;<\/p>\n<h3>M\u00f6bel Raumtrennung<\/h3>\n<p><img loading=\"lazy\" decoding=\"async\" class=\"aligncenter size-full wp-image-1285\" src=\"https:\/\/xn--nfholzbau-v2a.ch\/wp-content\/uploads\/2023\/05\/75C_5215_2-2.jpg\" alt=\"\" width=\"903\" height=\"780\" srcset=\"https:\/\/xn--nfholzbau-v2a.ch\/wp-content\/uploads\/2023\/05\/75C_5215_2-2.jpg 903w, https:\/\/xn--nfholzbau-v2a.ch\/wp-content\/uploads\/2023\/05\/75C_5215_2-2-768x663.jpg 768w\" sizes=\"(max-width: 903px) 100vw, 903px\" \/><\/p>\n<p><img loading=\"lazy\" decoding=\"async\" class=\"aligncenter size-full wp-image-1325\" src=\"https:\/\/xn--nfholzbau-v2a.ch\/wp-content\/uploads\/2023\/05\/IMG_3265_2-rotated.jpg\" alt=\"\" width=\"800\" height=\"1067\" srcset=\"https:\/\/xn--nfholzbau-v2a.ch\/wp-content\/uploads\/2023\/05\/IMG_3265_2-rotated.jpg 800w, https:\/\/xn--nfholzbau-v2a.ch\/wp-content\/uploads\/2023\/05\/IMG_3265_2-768x1024.jpg 768w\" sizes=\"(max-width: 800px) 100vw, 800px\" \/><\/p>\n<p>&nbsp;<\/p>\n<h3>Tisch mit Bank<\/h3>\n<p><img loading=\"lazy\" decoding=\"async\" class=\"aligncenter size-full wp-image-1321\" src=\"https:\/\/xn--nfholzbau-v2a.ch\/wp-content\/uploads\/2023\/05\/IMG_1230-3_2.jpg\" alt=\"\" width=\"1202\" height=\"800\" srcset=\"https:\/\/xn--nfholzbau-v2a.ch\/wp-content\/uploads\/2023\/05\/IMG_1230-3_2.jpg 1202w, https:\/\/xn--nfholzbau-v2a.ch\/wp-content\/uploads\/2023\/05\/IMG_1230-3_2-768x511.jpg 768w\" sizes=\"(max-width: 1202px) 100vw, 1202px\" \/><\/p>\n<p><img loading=\"lazy\" decoding=\"async\" class=\"aligncenter size-full wp-image-1005\" src=\"https:\/\/xn--nfholzbau-v2a.ch\/wp-content\/uploads\/2015\/03\/D75_7980.jpg\" alt=\"\" width=\"1000\" height=\"668\" srcset=\"https:\/\/xn--nfholzbau-v2a.ch\/wp-content\/uploads\/2015\/03\/D75_7980.jpg 1000w, https:\/\/xn--nfholzbau-v2a.ch\/wp-content\/uploads\/2015\/03\/D75_7980-768x513.jpg 768w\" sizes=\"(max-width: 1000px) 100vw, 1000px\" \/><\/p>\n<p>&nbsp;<\/p>\n<h3>Sideboard mit Schrank<\/h3>\n<div id='gallery-2' class='gallery galleryid-35 gallery-columns-2 gallery-size-full'><figure class='gallery-item'>\n\t\t\t<div class='gallery-icon landscape'>\n\t\t\t\t<img loading=\"lazy\" decoding=\"async\" width=\"1000\" height=\"668\" src=\"https:\/\/xn--nfholzbau-v2a.ch\/wp-content\/uploads\/2015\/03\/D75_7983.jpg\" class=\"attachment-full size-full\" alt=\"\" srcset=\"https:\/\/xn--nfholzbau-v2a.ch\/wp-content\/uploads\/2015\/03\/D75_7983.jpg 1000w, https:\/\/xn--nfholzbau-v2a.ch\/wp-content\/uploads\/2015\/03\/D75_7983-768x513.jpg 768w\" sizes=\"(max-width: 1000px) 100vw, 1000px\" \/>\n\t\t\t<\/div><\/figure><figure class='gallery-item'>\n\t\t\t<div class='gallery-icon landscape'>\n\t\t\t\t<img loading=\"lazy\" decoding=\"async\" width=\"1000\" height=\"668\" src=\"https:\/\/xn--nfholzbau-v2a.ch\/wp-content\/uploads\/2015\/03\/D75_7993.jpg\" class=\"attachment-full size-full\" alt=\"\" srcset=\"https:\/\/xn--nfholzbau-v2a.ch\/wp-content\/uploads\/2015\/03\/D75_7993.jpg 1000w, https:\/\/xn--nfholzbau-v2a.ch\/wp-content\/uploads\/2015\/03\/D75_7993-768x513.jpg 768w\" sizes=\"(max-width: 1000px) 100vw, 1000px\" \/>\n\t\t\t<\/div><\/figure>\n\t\t<\/div>\n\n<p>&nbsp;<\/p>\n<h3>Garderoben<\/h3>\n<div id='gallery-3' class='gallery galleryid-35 gallery-columns-2 gallery-size-full'><figure class='gallery-item'>\n\t\t\t<div class='gallery-icon portrait'>\n\t\t\t\t<img loading=\"lazy\" decoding=\"async\" width=\"800\" height=\"1199\" src=\"https:\/\/xn--nfholzbau-v2a.ch\/wp-content\/uploads\/2023\/05\/75C_5129_2.jpg\" class=\"attachment-full size-full\" alt=\"\" srcset=\"https:\/\/xn--nfholzbau-v2a.ch\/wp-content\/uploads\/2023\/05\/75C_5129_2.jpg 800w, https:\/\/xn--nfholzbau-v2a.ch\/wp-content\/uploads\/2023\/05\/75C_5129_2-768x1151.jpg 768w\" sizes=\"(max-width: 800px) 100vw, 800px\" \/>\n\t\t\t<\/div><\/figure><figure class='gallery-item'>\n\t\t\t<div class='gallery-icon landscape'>\n\t\t\t\t<img loading=\"lazy\" decoding=\"async\" width=\"1198\" height=\"800\" src=\"https:\/\/xn--nfholzbau-v2a.ch\/wp-content\/uploads\/2023\/05\/75C_5130_2.jpg\" class=\"attachment-full size-full\" alt=\"\" srcset=\"https:\/\/xn--nfholzbau-v2a.ch\/wp-content\/uploads\/2023\/05\/75C_5130_2.jpg 1198w, https:\/\/xn--nfholzbau-v2a.ch\/wp-content\/uploads\/2023\/05\/75C_5130_2-768x512.jpg 768w\" sizes=\"(max-width: 1198px) 100vw, 1198px\" \/>\n\t\t\t<\/div><\/figure>\n\t\t<\/div>\n\n<h3><img loading=\"lazy\" decoding=\"async\" class=\"aligncenter size-full wp-image-1280\" src=\"https:\/\/xn--nfholzbau-v2a.ch\/wp-content\/uploads\/2023\/05\/75C_5167_Schnitt-scaled.jpg\" alt=\"\" width=\"2560\" height=\"2560\" srcset=\"https:\/\/xn--nfholzbau-v2a.ch\/wp-content\/uploads\/2023\/05\/75C_5167_Schnitt-scaled.jpg 2560w, https:\/\/xn--nfholzbau-v2a.ch\/wp-content\/uploads\/2023\/05\/75C_5167_Schnitt-300x300.jpg 300w, https:\/\/xn--nfholzbau-v2a.ch\/wp-content\/uploads\/2023\/05\/75C_5167_Schnitt-1024x1024.jpg 1024w, https:\/\/xn--nfholzbau-v2a.ch\/wp-content\/uploads\/2023\/05\/75C_5167_Schnitt-150x150.jpg 150w, https:\/\/xn--nfholzbau-v2a.ch\/wp-content\/uploads\/2023\/05\/75C_5167_Schnitt-1536x1536.jpg 1536w, https:\/\/xn--nfholzbau-v2a.ch\/wp-content\/uploads\/2023\/05\/75C_5167_Schnitt-2048x2048.jpg 2048w\" sizes=\"(max-width: 2560px) 100vw, 2560px\" \/><\/h3>\n<p>&nbsp;<\/p>\n<h3>Platzsparende Schrankl\u00f6sungen<\/h3>\n<div id='gallery-4' class='gallery galleryid-35 gallery-columns-2 gallery-size-full'><figure class='gallery-item'>\n\t\t\t<div class='gallery-icon landscape'>\n\t\t\t\t<img loading=\"lazy\" decoding=\"async\" width=\"1198\" height=\"800\" src=\"https:\/\/xn--nfholzbau-v2a.ch\/wp-content\/uploads\/2023\/05\/75C_5239_2.jpg\" class=\"attachment-full size-full\" alt=\"\" srcset=\"https:\/\/xn--nfholzbau-v2a.ch\/wp-content\/uploads\/2023\/05\/75C_5239_2.jpg 1198w, https:\/\/xn--nfholzbau-v2a.ch\/wp-content\/uploads\/2023\/05\/75C_5239_2-768x512.jpg 768w\" sizes=\"(max-width: 1198px) 100vw, 1198px\" \/>\n\t\t\t<\/div><\/figure><figure class='gallery-item'>\n\t\t\t<div class='gallery-icon landscape'>\n\t\t\t\t<img loading=\"lazy\" decoding=\"async\" width=\"1198\" height=\"800\" src=\"https:\/\/xn--nfholzbau-v2a.ch\/wp-content\/uploads\/2023\/05\/75C_5086_2.jpg\" class=\"attachment-full size-full\" alt=\"\" srcset=\"https:\/\/xn--nfholzbau-v2a.ch\/wp-content\/uploads\/2023\/05\/75C_5086_2.jpg 1198w, https:\/\/xn--nfholzbau-v2a.ch\/wp-content\/uploads\/2023\/05\/75C_5086_2-768x512.jpg 768w\" sizes=\"(max-width: 1198px) 100vw, 1198px\" \/>\n\t\t\t<\/div><\/figure>\n\t\t<\/div>\n\n<p><img loading=\"lazy\" decoding=\"async\" class=\"aligncenter size-full wp-image-1276\" src=\"https:\/\/xn--nfholzbau-v2a.ch\/wp-content\/uploads\/2023\/05\/75C_5244_2.jpg\" alt=\"\" width=\"1198\" height=\"800\" srcset=\"https:\/\/xn--nfholzbau-v2a.ch\/wp-content\/uploads\/2023\/05\/75C_5244_2.jpg 1198w, https:\/\/xn--nfholzbau-v2a.ch\/wp-content\/uploads\/2023\/05\/75C_5244_2-768x512.jpg 768w\" sizes=\"(max-width: 1198px) 100vw, 1198px\" \/><\/p>\n<p>&nbsp;<\/p>\n<h3>Badm\u00f6bel<\/h3>\n<p><img loading=\"lazy\" decoding=\"async\" class=\"aligncenter size-full wp-image-1331\" src=\"https:\/\/xn--nfholzbau-v2a.ch\/wp-content\/uploads\/2023\/05\/IMG_1453_2-rotated.jpg\" alt=\"\" width=\"800\" height=\"1067\" srcset=\"https:\/\/xn--nfholzbau-v2a.ch\/wp-content\/uploads\/2023\/05\/IMG_1453_2-rotated.jpg 800w, https:\/\/xn--nfholzbau-v2a.ch\/wp-content\/uploads\/2023\/05\/IMG_1453_2-768x1024.jpg 768w\" sizes=\"(max-width: 800px) 100vw, 800px\" \/><\/p>\n<p><img loading=\"lazy\" decoding=\"async\" class=\"aligncenter size-full wp-image-1330\" src=\"https:\/\/xn--nfholzbau-v2a.ch\/wp-content\/uploads\/2023\/05\/IMG_1452_2.jpg\" alt=\"\" width=\"1067\" height=\"800\" srcset=\"https:\/\/xn--nfholzbau-v2a.ch\/wp-content\/uploads\/2023\/05\/IMG_1452_2.jpg 1067w, https:\/\/xn--nfholzbau-v2a.ch\/wp-content\/uploads\/2023\/05\/IMG_1452_2-768x575.jpg 768w\" sizes=\"(max-width: 1067px) 100vw, 1067px\" \/><\/p>\n<p><img loading=\"lazy\" decoding=\"async\" class=\"aligncenter size-full wp-image-1277\" src=\"https:\/\/xn--nfholzbau-v2a.ch\/wp-content\/uploads\/2023\/05\/75C_5237_2.jpg\" alt=\"\" width=\"1198\" height=\"800\" srcset=\"https:\/\/xn--nfholzbau-v2a.ch\/wp-content\/uploads\/2023\/05\/75C_5237_2.jpg 1198w, https:\/\/xn--nfholzbau-v2a.ch\/wp-content\/uploads\/2023\/05\/75C_5237_2-768x512.jpg 768w\" sizes=\"(max-width: 1198px) 100vw, 1198px\" \/><\/p>\n<p><img loading=\"lazy\" decoding=\"async\" class=\"aligncenter size-full wp-image-1283\" src=\"https:\/\/xn--nfholzbau-v2a.ch\/wp-content\/uploads\/2023\/05\/75C_5138_2.jpg\" alt=\"\" width=\"1198\" height=\"800\" srcset=\"https:\/\/xn--nfholzbau-v2a.ch\/wp-content\/uploads\/2023\/05\/75C_5138_2.jpg 1198w, https:\/\/xn--nfholzbau-v2a.ch\/wp-content\/uploads\/2023\/05\/75C_5138_2-768x512.jpg 768w\" sizes=\"(max-width: 1198px) 100vw, 1198px\" \/><\/p>\n<p><img loading=\"lazy\" decoding=\"async\" class=\"aligncenter size-full wp-image-1324\" src=\"https:\/\/xn--nfholzbau-v2a.ch\/wp-content\/uploads\/2023\/05\/IMG_2106-2_2.jpg\" alt=\"\" width=\"963\" height=\"800\" srcset=\"https:\/\/xn--nfholzbau-v2a.ch\/wp-content\/uploads\/2023\/05\/IMG_2106-2_2.jpg 963w, https:\/\/xn--nfholzbau-v2a.ch\/wp-content\/uploads\/2023\/05\/IMG_2106-2_2-768x638.jpg 768w\" sizes=\"(max-width: 963px) 100vw, 963px\" \/><\/p>\n<div id='gallery-5' class='gallery galleryid-35 gallery-columns-1 gallery-size-full'><figure class='gallery-item'>\n\t\t\t<div class='gallery-icon landscape'>\n\t\t\t\t<a href='https:\/\/xn--nfholzbau-v2a.ch\/wp-content\/uploads\/2018\/09\/DSC_0002.jpg'><img loading=\"lazy\" decoding=\"async\" width=\"1600\" height=\"1064\" src=\"https:\/\/xn--nfholzbau-v2a.ch\/wp-content\/uploads\/2018\/09\/DSC_0002.jpg\" class=\"attachment-full size-full\" alt=\"\" srcset=\"https:\/\/xn--nfholzbau-v2a.ch\/wp-content\/uploads\/2018\/09\/DSC_0002.jpg 1600w, https:\/\/xn--nfholzbau-v2a.ch\/wp-content\/uploads\/2018\/09\/DSC_0002-768x510.jpg 768w\" sizes=\"(max-width: 1600px) 100vw, 1600px\" \/><\/a>\n\t\t\t<\/div><\/figure>\n\t\t<\/div>\n\n<div id='gallery-6' class='gallery galleryid-35 gallery-columns-2 gallery-size-full'><figure class='gallery-item'>\n\t\t\t<div class='gallery-icon portrait'>\n\t\t\t\t<a href='https:\/\/xn--nfholzbau-v2a.ch\/wp-content\/uploads\/2018\/09\/DSC_0003.jpg'><img loading=\"lazy\" decoding=\"async\" width=\"1064\" height=\"1600\" src=\"https:\/\/xn--nfholzbau-v2a.ch\/wp-content\/uploads\/2018\/09\/DSC_0003.jpg\" class=\"attachment-full size-full\" alt=\"\" srcset=\"https:\/\/xn--nfholzbau-v2a.ch\/wp-content\/uploads\/2018\/09\/DSC_0003.jpg 1064w, https:\/\/xn--nfholzbau-v2a.ch\/wp-content\/uploads\/2018\/09\/DSC_0003-768x1154.jpg 768w\" sizes=\"(max-width: 1064px) 100vw, 1064px\" \/><\/a>\n\t\t\t<\/div><\/figure><figure class='gallery-item'>\n\t\t\t<div class='gallery-icon portrait'>\n\t\t\t\t<a href='https:\/\/xn--nfholzbau-v2a.ch\/wp-content\/uploads\/2018\/09\/DSC_0004-1-e1537452261467.jpg'><img loading=\"lazy\" decoding=\"async\" width=\"629\" height=\"947\" src=\"https:\/\/xn--nfholzbau-v2a.ch\/wp-content\/uploads\/2018\/09\/DSC_0004-1-e1537452261467.jpg\" class=\"attachment-full size-full\" alt=\"\" srcset=\"https:\/\/xn--nfholzbau-v2a.ch\/wp-content\/uploads\/2018\/09\/DSC_0004-1-e1537452261467.jpg 629w, https:\/\/xn--nfholzbau-v2a.ch\/wp-content\/uploads\/2018\/09\/DSC_0004-1-e1537452261467-768x1156.jpg 768w\" sizes=\"(max-width: 629px) 100vw, 629px\" \/><\/a>\n\t\t\t<\/div><\/figure>\n\t\t<\/div>\n\n<p>&nbsp;<\/p>\n<h3>Ehrengabe Schwingfest<\/h3>\n<div id='gallery-7' class='gallery galleryid-35 gallery-columns-2 gallery-size-full'><figure class='gallery-item'>\n\t\t\t<div class='gallery-icon portrait'>\n\t\t\t\t<img loading=\"lazy\" decoding=\"async\" width=\"800\" height=\"1058\" src=\"https:\/\/xn--nfholzbau-v2a.ch\/wp-content\/uploads\/2023\/05\/IMG_4586-2_2.jpg\" class=\"attachment-full size-full\" alt=\"\" srcset=\"https:\/\/xn--nfholzbau-v2a.ch\/wp-content\/uploads\/2023\/05\/IMG_4586-2_2.jpg 800w, https:\/\/xn--nfholzbau-v2a.ch\/wp-content\/uploads\/2023\/05\/IMG_4586-2_2-768x1015.jpg 768w\" sizes=\"(max-width: 800px) 100vw, 800px\" \/>\n\t\t\t<\/div><\/figure><figure class='gallery-item'>\n\t\t\t<div class='gallery-icon portrait'>\n\t\t\t\t<img loading=\"lazy\" decoding=\"async\" width=\"800\" height=\"905\" src=\"https:\/\/xn--nfholzbau-v2a.ch\/wp-content\/uploads\/2023\/05\/IMG_4591-2_2.jpg\" class=\"attachment-full size-full\" alt=\"\" srcset=\"https:\/\/xn--nfholzbau-v2a.ch\/wp-content\/uploads\/2023\/05\/IMG_4591-2_2.jpg 800w, https:\/\/xn--nfholzbau-v2a.ch\/wp-content\/uploads\/2023\/05\/IMG_4591-2_2-768x868.jpg 768w\" sizes=\"(max-width: 800px) 100vw, 800px\" \/>\n\t\t\t<\/div><\/figure>\n\t\t<\/div>\n\n<div id='gallery-8' class='gallery galleryid-35 gallery-columns-2 gallery-size-full'><figure class='gallery-item'>\n\t\t\t<div class='gallery-icon landscape'>\n\t\t\t\t<a href='https:\/\/xn--nfholzbau-v2a.ch\/wp-content\/uploads\/2015\/03\/P1000149-e1433361731973.jpg'><img loading=\"lazy\" decoding=\"async\" width=\"800\" height=\"600\" src=\"https:\/\/xn--nfholzbau-v2a.ch\/wp-content\/uploads\/2015\/03\/P1000149-e1433361731973.jpg\" class=\"attachment-full size-full\" alt=\"\" \/><\/a>\n\t\t\t<\/div><\/figure><figure class='gallery-item'>\n\t\t\t<div class='gallery-icon landscape'>\n\t\t\t\t<a href='https:\/\/xn--nfholzbau-v2a.ch\/wp-content\/uploads\/2015\/03\/P10001541-e1433361777240.jpg'><img loading=\"lazy\" decoding=\"async\" width=\"800\" height=\"600\" src=\"https:\/\/xn--nfholzbau-v2a.ch\/wp-content\/uploads\/2015\/03\/P10001541-e1433361777240.jpg\" class=\"attachment-full size-full\" alt=\"\" \/><\/a>\n\t\t\t<\/div><\/figure>\n\t\t<\/div>\n\n<h3><\/h3>\n<h3><\/h3>\n<p>&nbsp;<\/p>\n","protected":false},"excerpt":{"rendered":"<p>Brauchen Sie ein neues Regal, ein Sideboard,\u00a0einen Tisch\u00a0oder Einbauschr\u00e4nke? Nehmen Sie mit uns Kontakt auf, wir schreinern gerne das passende M\u00f6bel f\u00fcr Sie. M\u00f6bel Wohnzimmer &nbsp; M\u00f6bel Raumtrennung &nbsp; Tisch mit Bank &nbsp; Sideboard mit Schrank &nbsp; Garderoben &nbsp; Platzsparende Schrankl\u00f6sungen &nbsp; Badm\u00f6bel &nbsp; Ehrengabe Schwingfest &nbsp;<\/p>\n","protected":false},"author":1,"featured_media":0,"parent":25,"menu_order":1,"comment_status":"closed","ping_status":"closed","template":"","meta":{"footnotes":""},"class_list":["post-35","page","type-page","status-publish"],"_links":{"self":[{"href":"https:\/\/xn--nfholzbau-v2a.ch\/index.php?rest_route=\/wp\/v2\/pages\/35"}],"collection":[{"href":"https:\/\/xn--nfholzbau-v2a.ch\/index.php?rest_route=\/wp\/v2\/pages"}],"about":[{"href":"https:\/\/xn--nfholzbau-v2a.ch\/index.php?rest_route=\/wp\/v2\/types\/page"}],"author":[{"embeddable":true,"href":"https:\/\/xn--nfholzbau-v2a.ch\/index.php?rest_route=\/wp\/v2\/users\/1"}],"replies":[{"embeddable":true,"href":"https:\/\/xn--nfholzbau-v2a.ch\/index.php?rest_route=%2Fwp%2Fv2%2Fcomments&post=35"}],"version-history":[{"count":54,"href":"https:\/\/xn--nfholzbau-v2a.ch\/index.php?rest_route=\/wp\/v2\/pages\/35\/revisions"}],"predecessor-version":[{"id":1332,"href":"https:\/\/xn--nfholzbau-v2a.ch\/index.php?rest_route=\/wp\/v2\/pages\/35\/revisions\/1332"}],"up":[{"embeddable":true,"href":"https:\/\/xn--nfholzbau-v2a.ch\/index.php?rest_route=\/wp\/v2\/pages\/25"}],"wp:attachment":[{"href":"https:\/\/xn--nfholzbau-v2a.ch\/index.php?rest_route=%2Fwp%2Fv2%2Fmedia&parent=35"}],"curies":[{"name":"wp","href":"https:\/\/api.w.org\/{rel}","templated":true}]}}