{"id":33,"date":"2015-03-03T17:18:38","date_gmt":"2015-03-03T17:18:38","guid":{"rendered":"http:\/\/xn--nfholzbau-v2a.ch\/?page_id=33"},"modified":"2023-05-24T19:01:54","modified_gmt":"2023-05-24T19:01:54","slug":"fenster","status":"publish","type":"page","link":"https:\/\/xn--nfholzbau-v2a.ch\/?page_id=33","title":{"rendered":"Fenster"},"content":{"rendered":"<p>Gerne beraten wir Sie bei der Renovation Ihrer Fenster aus Kunststoff, Kunststoff\/Metall, Holz oder Holz\/Metall.<br \/>\nDabei\u00a0beachten wir besonders die energiesparenden Aspekte. Schallschutz und\u00a0Einbruchschutz\u00a0k\u00f6nnen nach individuellen\u00a0Bed\u00fcrfnissen erg\u00e4nzt werden.<\/p>\n<h3>Hebeschiebet\u00fcre<\/h3>\n<div id='gallery-1' class='gallery galleryid-33 gallery-columns-2 gallery-size-full'><figure class='gallery-item'>\n\t\t\t<div class='gallery-icon landscape'>\n\t\t\t\t<img loading=\"lazy\" decoding=\"async\" width=\"1198\" height=\"800\" src=\"https:\/\/xn--nfholzbau-v2a.ch\/wp-content\/uploads\/2023\/05\/75C_5172_2.jpg\" class=\"attachment-full size-full\" alt=\"\" srcset=\"https:\/\/xn--nfholzbau-v2a.ch\/wp-content\/uploads\/2023\/05\/75C_5172_2.jpg 1198w, https:\/\/xn--nfholzbau-v2a.ch\/wp-content\/uploads\/2023\/05\/75C_5172_2-768x512.jpg 768w\" sizes=\"(max-width: 1198px) 100vw, 1198px\" \/>\n\t\t\t<\/div><\/figure><figure class='gallery-item'>\n\t\t\t<div class='gallery-icon landscape'>\n\t\t\t\t<img loading=\"lazy\" decoding=\"async\" width=\"1198\" height=\"800\" src=\"https:\/\/xn--nfholzbau-v2a.ch\/wp-content\/uploads\/2023\/05\/75C_5174_heller_2.jpg\" class=\"attachment-full size-full\" alt=\"\" srcset=\"https:\/\/xn--nfholzbau-v2a.ch\/wp-content\/uploads\/2023\/05\/75C_5174_heller_2.jpg 1198w, https:\/\/xn--nfholzbau-v2a.ch\/wp-content\/uploads\/2023\/05\/75C_5174_heller_2-768x512.jpg 768w\" sizes=\"(max-width: 1198px) 100vw, 1198px\" \/>\n\t\t\t<\/div><\/figure>\n\t\t<\/div>\n\n<p>&nbsp;<\/p>\n<h3>Hebeschiebet\u00fcre und Kunststofffenster bei Umbau Einfamilienhaus<\/h3>\n<div id='gallery-2' class='gallery galleryid-33 gallery-columns-2 gallery-size-large'><figure class='gallery-item'>\n\t\t\t<div class='gallery-icon portrait'>\n\t\t\t\t<a href='https:\/\/xn--nfholzbau-v2a.ch\/wp-content\/uploads\/2015\/04\/08_02-K\u00fcche-001.jpg'><img loading=\"lazy\" decoding=\"async\" width=\"1024\" height=\"1024\" src=\"https:\/\/xn--nfholzbau-v2a.ch\/wp-content\/uploads\/2015\/04\/08_02-K\u00fcche-001-1024x1024.jpg\" class=\"attachment-large size-large\" alt=\"\" srcset=\"https:\/\/xn--nfholzbau-v2a.ch\/wp-content\/uploads\/2015\/04\/08_02-K\u00fcche-001-1024x1024.jpg 1024w, https:\/\/xn--nfholzbau-v2a.ch\/wp-content\/uploads\/2015\/04\/08_02-K\u00fcche-001-150x150.jpg 150w, https:\/\/xn--nfholzbau-v2a.ch\/wp-content\/uploads\/2015\/04\/08_02-K\u00fcche-001-300x300.jpg 300w\" sizes=\"(max-width: 1024px) 100vw, 1024px\" \/><\/a>\n\t\t\t<\/div><\/figure><figure class='gallery-item'>\n\t\t\t<div class='gallery-icon landscape'>\n\t\t\t\t<a href='https:\/\/xn--nfholzbau-v2a.ch\/wp-content\/uploads\/2015\/04\/12_02-Stube-001.jpg'><img loading=\"lazy\" decoding=\"async\" width=\"1024\" height=\"1024\" src=\"https:\/\/xn--nfholzbau-v2a.ch\/wp-content\/uploads\/2015\/04\/12_02-Stube-001-1024x1024.jpg\" class=\"attachment-large size-large\" alt=\"\" srcset=\"https:\/\/xn--nfholzbau-v2a.ch\/wp-content\/uploads\/2015\/04\/12_02-Stube-001-1024x1024.jpg 1024w, https:\/\/xn--nfholzbau-v2a.ch\/wp-content\/uploads\/2015\/04\/12_02-Stube-001-150x150.jpg 150w, https:\/\/xn--nfholzbau-v2a.ch\/wp-content\/uploads\/2015\/04\/12_02-Stube-001-300x300.jpg 300w\" sizes=\"(max-width: 1024px) 100vw, 1024px\" \/><\/a>\n\t\t\t<\/div><\/figure>\n\t\t<\/div>\n\n<p>&nbsp;<\/p>\n<h3>Renovation Fenster Mehrfamilienhaus<\/h3>\n<div id='gallery-3' class='gallery galleryid-33 gallery-columns-3 gallery-size-medium'><figure class='gallery-item'>\n\t\t\t<div class='gallery-icon landscape'>\n\t\t\t\t<a href='https:\/\/xn--nfholzbau-v2a.ch\/wp-content\/uploads\/2015\/03\/IMG_0791.jpg'><img loading=\"lazy\" decoding=\"async\" width=\"300\" height=\"300\" src=\"https:\/\/xn--nfholzbau-v2a.ch\/wp-content\/uploads\/2015\/03\/IMG_0791-300x300.jpg\" class=\"attachment-medium size-medium\" alt=\"\" srcset=\"https:\/\/xn--nfholzbau-v2a.ch\/wp-content\/uploads\/2015\/03\/IMG_0791-300x300.jpg 300w, https:\/\/xn--nfholzbau-v2a.ch\/wp-content\/uploads\/2015\/03\/IMG_0791-150x150.jpg 150w, https:\/\/xn--nfholzbau-v2a.ch\/wp-content\/uploads\/2015\/03\/IMG_0791-1024x1024.jpg 1024w\" sizes=\"(max-width: 300px) 100vw, 300px\" \/><\/a>\n\t\t\t<\/div><\/figure><figure class='gallery-item'>\n\t\t\t<div class='gallery-icon landscape'>\n\t\t\t\t<a href='https:\/\/xn--nfholzbau-v2a.ch\/wp-content\/uploads\/2015\/03\/IMG_0794.jpg'><img loading=\"lazy\" decoding=\"async\" width=\"300\" height=\"300\" src=\"https:\/\/xn--nfholzbau-v2a.ch\/wp-content\/uploads\/2015\/03\/IMG_0794-300x300.jpg\" class=\"attachment-medium size-medium\" alt=\"\" srcset=\"https:\/\/xn--nfholzbau-v2a.ch\/wp-content\/uploads\/2015\/03\/IMG_0794-300x300.jpg 300w, https:\/\/xn--nfholzbau-v2a.ch\/wp-content\/uploads\/2015\/03\/IMG_0794-150x150.jpg 150w, https:\/\/xn--nfholzbau-v2a.ch\/wp-content\/uploads\/2015\/03\/IMG_0794-1024x1024.jpg 1024w\" sizes=\"(max-width: 300px) 100vw, 300px\" \/><\/a>\n\t\t\t<\/div><\/figure><figure class='gallery-item'>\n\t\t\t<div class='gallery-icon landscape'>\n\t\t\t\t<a href='https:\/\/xn--nfholzbau-v2a.ch\/wp-content\/uploads\/2015\/03\/IMG_0792-001.jpg'><img loading=\"lazy\" decoding=\"async\" width=\"300\" height=\"300\" src=\"https:\/\/xn--nfholzbau-v2a.ch\/wp-content\/uploads\/2015\/03\/IMG_0792-001-300x300.jpg\" class=\"attachment-medium size-medium\" alt=\"\" srcset=\"https:\/\/xn--nfholzbau-v2a.ch\/wp-content\/uploads\/2015\/03\/IMG_0792-001-300x300.jpg 300w, https:\/\/xn--nfholzbau-v2a.ch\/wp-content\/uploads\/2015\/03\/IMG_0792-001-150x150.jpg 150w, https:\/\/xn--nfholzbau-v2a.ch\/wp-content\/uploads\/2015\/03\/IMG_0792-001-1024x1024.jpg 1024w\" sizes=\"(max-width: 300px) 100vw, 300px\" \/><\/a>\n\t\t\t<\/div><\/figure>\n\t\t<\/div>\n\n<p>&nbsp;<\/p>\n<h3>Renovation Holz- und Kunststofffenster<\/h3>\n<div id='gallery-4' class='gallery galleryid-33 gallery-columns-3 gallery-size-medium'><figure class='gallery-item'>\n\t\t\t<div class='gallery-icon landscape'>\n\t\t\t\t<a href='https:\/\/xn--nfholzbau-v2a.ch\/wp-content\/uploads\/2015\/03\/neu-048.jpg'><img loading=\"lazy\" decoding=\"async\" width=\"300\" height=\"300\" src=\"https:\/\/xn--nfholzbau-v2a.ch\/wp-content\/uploads\/2015\/03\/neu-048-300x300.jpg\" class=\"attachment-medium size-medium\" alt=\"\" srcset=\"https:\/\/xn--nfholzbau-v2a.ch\/wp-content\/uploads\/2015\/03\/neu-048-300x300.jpg 300w, https:\/\/xn--nfholzbau-v2a.ch\/wp-content\/uploads\/2015\/03\/neu-048-150x150.jpg 150w, https:\/\/xn--nfholzbau-v2a.ch\/wp-content\/uploads\/2015\/03\/neu-048-1024x1024.jpg 1024w\" sizes=\"(max-width: 300px) 100vw, 300px\" \/><\/a>\n\t\t\t<\/div><\/figure><figure class='gallery-item'>\n\t\t\t<div class='gallery-icon landscape'>\n\t\t\t\t<a href='https:\/\/xn--nfholzbau-v2a.ch\/wp-content\/uploads\/2015\/03\/P1000157.jpg'><img loading=\"lazy\" decoding=\"async\" width=\"300\" height=\"300\" src=\"https:\/\/xn--nfholzbau-v2a.ch\/wp-content\/uploads\/2015\/03\/P1000157-300x300.jpg\" class=\"attachment-medium size-medium\" alt=\"\" srcset=\"https:\/\/xn--nfholzbau-v2a.ch\/wp-content\/uploads\/2015\/03\/P1000157-300x300.jpg 300w, https:\/\/xn--nfholzbau-v2a.ch\/wp-content\/uploads\/2015\/03\/P1000157-150x150.jpg 150w, https:\/\/xn--nfholzbau-v2a.ch\/wp-content\/uploads\/2015\/03\/P1000157-1024x1024.jpg 1024w\" sizes=\"(max-width: 300px) 100vw, 300px\" \/><\/a>\n\t\t\t<\/div><\/figure>\n\t\t<\/div>\n\n","protected":false},"excerpt":{"rendered":"<p>Gerne beraten wir Sie bei der Renovation Ihrer Fenster aus Kunststoff, Kunststoff\/Metall, Holz oder Holz\/Metall. Dabei\u00a0beachten wir besonders die energiesparenden Aspekte. Schallschutz und\u00a0Einbruchschutz\u00a0k\u00f6nnen nach individuellen\u00a0Bed\u00fcrfnissen erg\u00e4nzt werden. Hebeschiebet\u00fcre &nbsp; Hebeschiebet\u00fcre und Kunststofffenster bei Umbau Einfamilienhaus &nbsp; Renovation Fenster Mehrfamilienhaus &nbsp; Renovation Holz- und Kunststofffenster<\/p>\n","protected":false},"author":1,"featured_media":0,"parent":29,"menu_order":3,"comment_status":"closed","ping_status":"closed","template":"","meta":{"footnotes":""},"class_list":["post-33","page","type-page","status-publish"],"_links":{"self":[{"href":"https:\/\/xn--nfholzbau-v2a.ch\/index.php?rest_route=\/wp\/v2\/pages\/33"}],"collection":[{"href":"https:\/\/xn--nfholzbau-v2a.ch\/index.php?rest_route=\/wp\/v2\/pages"}],"about":[{"href":"https:\/\/xn--nfholzbau-v2a.ch\/index.php?rest_route=\/wp\/v2\/types\/page"}],"author":[{"embeddable":true,"href":"https:\/\/xn--nfholzbau-v2a.ch\/index.php?rest_route=\/wp\/v2\/users\/1"}],"replies":[{"embeddable":true,"href":"https:\/\/xn--nfholzbau-v2a.ch\/index.php?rest_route=%2Fwp%2Fv2%2Fcomments&post=33"}],"version-history":[{"count":25,"href":"https:\/\/xn--nfholzbau-v2a.ch\/index.php?rest_route=\/wp\/v2\/pages\/33\/revisions"}],"predecessor-version":[{"id":1268,"href":"https:\/\/xn--nfholzbau-v2a.ch\/index.php?rest_route=\/wp\/v2\/pages\/33\/revisions\/1268"}],"up":[{"embeddable":true,"href":"https:\/\/xn--nfholzbau-v2a.ch\/index.php?rest_route=\/wp\/v2\/pages\/29"}],"wp:attachment":[{"href":"https:\/\/xn--nfholzbau-v2a.ch\/index.php?rest_route=%2Fwp%2Fv2%2Fmedia&parent=33"}],"curies":[{"name":"wp","href":"https:\/\/api.w.org\/{rel}","templated":true}]}}