{"id":29,"date":"2015-03-03T17:14:36","date_gmt":"2015-03-03T17:14:36","guid":{"rendered":"http:\/\/xn--nfholzbau-v2a.ch\/?page_id=29"},"modified":"2017-07-20T14:47:35","modified_gmt":"2017-07-20T14:47:35","slug":"holzbau","status":"publish","type":"page","link":"https:\/\/xn--nfholzbau-v2a.ch\/?page_id=29","title":{"rendered":"Holzbau"},"content":{"rendered":"<p style=\"text-align: left;\">Bau-, Bauablauf- und Terminplanung geh\u00f6ren zu den Grundlagen unseres Angebotes. Wir \u00fcbernehmen die Koordinierung der Termine mit den Handwerkern, damit ein Bauvorhaben z\u00fcgig voranschreitet und termingerecht \u00fcbergeben werden kann.<\/p>\n<p><img loading=\"lazy\" decoding=\"async\" class=\"alignleft wp-image-824\" src=\"https:\/\/xn--nfholzbau-v2a.ch\/wp-content\/uploads\/2015\/03\/P1000361-e1447963988459.jpg\" alt=\"\" width=\"529\" height=\"128\" \/><\/p>\n","protected":false},"excerpt":{"rendered":"<p>Bau-, Bauablauf- und Terminplanung geh\u00f6ren zu den Grundlagen unseres Angebotes. Wir \u00fcbernehmen die Koordinierung der Termine mit den Handwerkern, damit ein Bauvorhaben z\u00fcgig voranschreitet und termingerecht \u00fcbergeben werden kann.<\/p>\n","protected":false},"author":1,"featured_media":0,"parent":0,"menu_order":3,"comment_status":"closed","ping_status":"closed","template":"","meta":{"footnotes":""},"class_list":["post-29","page","type-page","status-publish"],"_links":{"self":[{"href":"https:\/\/xn--nfholzbau-v2a.ch\/index.php?rest_route=\/wp\/v2\/pages\/29"}],"collection":[{"href":"https:\/\/xn--nfholzbau-v2a.ch\/index.php?rest_route=\/wp\/v2\/pages"}],"about":[{"href":"https:\/\/xn--nfholzbau-v2a.ch\/index.php?rest_route=\/wp\/v2\/types\/page"}],"author":[{"embeddable":true,"href":"https:\/\/xn--nfholzbau-v2a.ch\/index.php?rest_route=\/wp\/v2\/users\/1"}],"replies":[{"embeddable":true,"href":"https:\/\/xn--nfholzbau-v2a.ch\/index.php?rest_route=%2Fwp%2Fv2%2Fcomments&post=29"}],"version-history":[{"count":38,"href":"https:\/\/xn--nfholzbau-v2a.ch\/index.php?rest_route=\/wp\/v2\/pages\/29\/revisions"}],"predecessor-version":[{"id":1082,"href":"https:\/\/xn--nfholzbau-v2a.ch\/index.php?rest_route=\/wp\/v2\/pages\/29\/revisions\/1082"}],"wp:attachment":[{"href":"https:\/\/xn--nfholzbau-v2a.ch\/index.php?rest_route=%2Fwp%2Fv2%2Fmedia&parent=29"}],"curies":[{"name":"wp","href":"https:\/\/api.w.org\/{rel}","templated":true}]}}