{"id":27,"date":"2015-03-03T17:16:55","date_gmt":"2015-03-03T17:16:55","guid":{"rendered":"http:\/\/xn--nfholzbau-v2a.ch\/?page_id=27"},"modified":"2023-05-25T07:12:42","modified_gmt":"2023-05-25T07:12:42","slug":"innenausbau","status":"publish","type":"page","link":"https:\/\/xn--nfholzbau-v2a.ch\/?page_id=27","title":{"rendered":"Innenausbau"},"content":{"rendered":"<p>Suchen Sie einen neuen Bodenbelag oder eine neue Decke? Die Auswahl\u00a0der verschiedenen Materialien ist gross. Wir verlegen Parkett, Vinyl, Laminat\u00a0oder Kork und montieren Decken-Paneelen oder T\u00e4fer. Gerne beraten wir Sie bei der Auswahl.<\/p>\n<h3>Altholzwand<\/h3>\n<p><img loading=\"lazy\" decoding=\"async\" class=\"aligncenter size-full wp-image-1254\" src=\"https:\/\/xn--nfholzbau-v2a.ch\/wp-content\/uploads\/2023\/05\/75C_5058_2.jpg\" alt=\"\" width=\"1198\" height=\"800\" srcset=\"https:\/\/xn--nfholzbau-v2a.ch\/wp-content\/uploads\/2023\/05\/75C_5058_2.jpg 1198w, https:\/\/xn--nfholzbau-v2a.ch\/wp-content\/uploads\/2023\/05\/75C_5058_2-768x512.jpg 768w\" sizes=\"(max-width: 1198px) 100vw, 1198px\" \/><\/p>\n<p>&nbsp;<\/p>\n<h3>Arvendecke<\/h3>\n<p><img loading=\"lazy\" decoding=\"async\" class=\"aligncenter size-full wp-image-1297\" src=\"https:\/\/xn--nfholzbau-v2a.ch\/wp-content\/uploads\/2023\/05\/75C_5072_2.jpg\" alt=\"\" width=\"1198\" height=\"800\" srcset=\"https:\/\/xn--nfholzbau-v2a.ch\/wp-content\/uploads\/2023\/05\/75C_5072_2.jpg 1198w, https:\/\/xn--nfholzbau-v2a.ch\/wp-content\/uploads\/2023\/05\/75C_5072_2-768x512.jpg 768w\" sizes=\"(max-width: 1198px) 100vw, 1198px\" \/><\/p>\n<p>&nbsp;<\/p>\n<h3>Altholzt\u00e4fer und Vinylboden Treppenhaus<\/h3>\n<div id='gallery-1' class='gallery galleryid-27 gallery-columns-2 gallery-size-full'><figure class='gallery-item'>\n\t\t\t<div class='gallery-icon portrait'>\n\t\t\t\t<img loading=\"lazy\" decoding=\"async\" width=\"800\" height=\"1198\" src=\"https:\/\/xn--nfholzbau-v2a.ch\/wp-content\/uploads\/2023\/05\/75C_5211_2.jpg\" class=\"attachment-full size-full\" alt=\"\" srcset=\"https:\/\/xn--nfholzbau-v2a.ch\/wp-content\/uploads\/2023\/05\/75C_5211_2.jpg 800w, https:\/\/xn--nfholzbau-v2a.ch\/wp-content\/uploads\/2023\/05\/75C_5211_2-768x1150.jpg 768w\" sizes=\"(max-width: 800px) 100vw, 800px\" \/>\n\t\t\t<\/div><\/figure><figure class='gallery-item'>\n\t\t\t<div class='gallery-icon portrait'>\n\t\t\t\t<img loading=\"lazy\" decoding=\"async\" width=\"800\" height=\"1199\" src=\"https:\/\/xn--nfholzbau-v2a.ch\/wp-content\/uploads\/2023\/05\/75C_5207_2.jpg\" class=\"attachment-full size-full\" alt=\"\" srcset=\"https:\/\/xn--nfholzbau-v2a.ch\/wp-content\/uploads\/2023\/05\/75C_5207_2.jpg 800w, https:\/\/xn--nfholzbau-v2a.ch\/wp-content\/uploads\/2023\/05\/75C_5207_2-768x1151.jpg 768w\" sizes=\"(max-width: 800px) 100vw, 800px\" \/>\n\t\t\t<\/div><\/figure>\n\t\t<\/div>\n\n<p>&nbsp;<\/p>\n<h3>Korkboden<\/h3>\n<p><img loading=\"lazy\" decoding=\"async\" class=\"aligncenter size-full wp-image-1342\" src=\"https:\/\/xn--nfholzbau-v2a.ch\/wp-content\/uploads\/2023\/05\/IMG_6344_2-rotated.jpg\" alt=\"\" width=\"800\" height=\"1067\" srcset=\"https:\/\/xn--nfholzbau-v2a.ch\/wp-content\/uploads\/2023\/05\/IMG_6344_2-rotated.jpg 800w, https:\/\/xn--nfholzbau-v2a.ch\/wp-content\/uploads\/2023\/05\/IMG_6344_2-768x1024.jpg 768w\" sizes=\"(max-width: 800px) 100vw, 800px\" \/><\/p>\n<p>&nbsp;<\/p>\n<h3>Deckenpaneelen und T\u00e4fer<\/h3>\n<p><img loading=\"lazy\" decoding=\"async\" class=\"aligncenter size-full wp-image-580\" src=\"https:\/\/xn--nfholzbau-v2a.ch\/wp-content\/uploads\/2015\/03\/zum-sortieren-105.jpg\" alt=\"\" width=\"1600\" height=\"1200\" \/><\/p>\n<div id='gallery-2' class='gallery galleryid-27 gallery-columns-3 gallery-size-medium'><figure class='gallery-item'>\n\t\t\t<div class='gallery-icon landscape'>\n\t\t\t\t<a href='https:\/\/xn--nfholzbau-v2a.ch\/wp-content\/uploads\/2015\/03\/zum-sortieren-107.jpg'><img loading=\"lazy\" decoding=\"async\" width=\"300\" height=\"300\" src=\"https:\/\/xn--nfholzbau-v2a.ch\/wp-content\/uploads\/2015\/03\/zum-sortieren-107-300x300.jpg\" class=\"attachment-medium size-medium\" alt=\"\" srcset=\"https:\/\/xn--nfholzbau-v2a.ch\/wp-content\/uploads\/2015\/03\/zum-sortieren-107-300x300.jpg 300w, https:\/\/xn--nfholzbau-v2a.ch\/wp-content\/uploads\/2015\/03\/zum-sortieren-107-150x150.jpg 150w, https:\/\/xn--nfholzbau-v2a.ch\/wp-content\/uploads\/2015\/03\/zum-sortieren-107-1024x1024.jpg 1024w\" sizes=\"(max-width: 300px) 100vw, 300px\" \/><\/a>\n\t\t\t<\/div><\/figure><figure class='gallery-item'>\n\t\t\t<div class='gallery-icon landscape'>\n\t\t\t\t<a href='https:\/\/xn--nfholzbau-v2a.ch\/wp-content\/uploads\/2015\/03\/zum-sortieren-108.jpg'><img loading=\"lazy\" decoding=\"async\" width=\"300\" height=\"300\" src=\"https:\/\/xn--nfholzbau-v2a.ch\/wp-content\/uploads\/2015\/03\/zum-sortieren-108-300x300.jpg\" class=\"attachment-medium size-medium\" alt=\"\" srcset=\"https:\/\/xn--nfholzbau-v2a.ch\/wp-content\/uploads\/2015\/03\/zum-sortieren-108-300x300.jpg 300w, https:\/\/xn--nfholzbau-v2a.ch\/wp-content\/uploads\/2015\/03\/zum-sortieren-108-150x150.jpg 150w, https:\/\/xn--nfholzbau-v2a.ch\/wp-content\/uploads\/2015\/03\/zum-sortieren-108-1024x1024.jpg 1024w\" sizes=\"(max-width: 300px) 100vw, 300px\" \/><\/a>\n\t\t\t<\/div><\/figure><figure class='gallery-item'>\n\t\t\t<div class='gallery-icon landscape'>\n\t\t\t\t<a href='https:\/\/xn--nfholzbau-v2a.ch\/wp-content\/uploads\/2015\/03\/zum-sortieren-109.jpg'><img loading=\"lazy\" decoding=\"async\" width=\"300\" height=\"300\" src=\"https:\/\/xn--nfholzbau-v2a.ch\/wp-content\/uploads\/2015\/03\/zum-sortieren-109-300x300.jpg\" class=\"attachment-medium size-medium\" alt=\"\" srcset=\"https:\/\/xn--nfholzbau-v2a.ch\/wp-content\/uploads\/2015\/03\/zum-sortieren-109-300x300.jpg 300w, https:\/\/xn--nfholzbau-v2a.ch\/wp-content\/uploads\/2015\/03\/zum-sortieren-109-150x150.jpg 150w, https:\/\/xn--nfholzbau-v2a.ch\/wp-content\/uploads\/2015\/03\/zum-sortieren-109-1024x1024.jpg 1024w\" sizes=\"(max-width: 300px) 100vw, 300px\" \/><\/a>\n\t\t\t<\/div><\/figure>\n\t\t<\/div>\n\n<p>&nbsp;<\/p>\n<h3>Parkettb\u00f6den und -treppen<\/h3>\n<div id='gallery-3' class='gallery galleryid-27 gallery-columns-3 gallery-size-medium'><figure class='gallery-item'>\n\t\t\t<div class='gallery-icon landscape'>\n\t\t\t\t<a href='https:\/\/xn--nfholzbau-v2a.ch\/wp-content\/uploads\/2015\/03\/P1000265.jpg'><img loading=\"lazy\" decoding=\"async\" width=\"300\" height=\"300\" src=\"https:\/\/xn--nfholzbau-v2a.ch\/wp-content\/uploads\/2015\/03\/P1000265-300x300.jpg\" class=\"attachment-medium size-medium\" alt=\"\" srcset=\"https:\/\/xn--nfholzbau-v2a.ch\/wp-content\/uploads\/2015\/03\/P1000265-300x300.jpg 300w, https:\/\/xn--nfholzbau-v2a.ch\/wp-content\/uploads\/2015\/03\/P1000265-150x150.jpg 150w, https:\/\/xn--nfholzbau-v2a.ch\/wp-content\/uploads\/2015\/03\/P1000265-1024x1024.jpg 1024w\" sizes=\"(max-width: 300px) 100vw, 300px\" \/><\/a>\n\t\t\t<\/div><\/figure><figure class='gallery-item'>\n\t\t\t<div class='gallery-icon landscape'>\n\t\t\t\t<a href='https:\/\/xn--nfholzbau-v2a.ch\/wp-content\/uploads\/2015\/03\/IMG_0798.jpg'><img loading=\"lazy\" decoding=\"async\" width=\"300\" height=\"300\" src=\"https:\/\/xn--nfholzbau-v2a.ch\/wp-content\/uploads\/2015\/03\/IMG_0798-300x300.jpg\" class=\"attachment-medium size-medium\" alt=\"\" srcset=\"https:\/\/xn--nfholzbau-v2a.ch\/wp-content\/uploads\/2015\/03\/IMG_0798-300x300.jpg 300w, https:\/\/xn--nfholzbau-v2a.ch\/wp-content\/uploads\/2015\/03\/IMG_0798-150x150.jpg 150w, https:\/\/xn--nfholzbau-v2a.ch\/wp-content\/uploads\/2015\/03\/IMG_0798-1024x1024.jpg 1024w\" sizes=\"(max-width: 300px) 100vw, 300px\" \/><\/a>\n\t\t\t<\/div><\/figure><figure class='gallery-item'>\n\t\t\t<div class='gallery-icon landscape'>\n\t\t\t\t<a href='https:\/\/xn--nfholzbau-v2a.ch\/wp-content\/uploads\/2015\/03\/zum-sortieren-113-e1433427715739.jpg'><img loading=\"lazy\" decoding=\"async\" width=\"300\" height=\"300\" src=\"https:\/\/xn--nfholzbau-v2a.ch\/wp-content\/uploads\/2015\/03\/zum-sortieren-113-e1433427715739-300x300.jpg\" class=\"attachment-medium size-medium\" alt=\"\" srcset=\"https:\/\/xn--nfholzbau-v2a.ch\/wp-content\/uploads\/2015\/03\/zum-sortieren-113-e1433427715739-300x300.jpg 300w, https:\/\/xn--nfholzbau-v2a.ch\/wp-content\/uploads\/2015\/03\/zum-sortieren-113-e1433427715739-150x150.jpg 150w, https:\/\/xn--nfholzbau-v2a.ch\/wp-content\/uploads\/2015\/03\/zum-sortieren-113-e1433427715739-1024x1024.jpg 1024w\" sizes=\"(max-width: 300px) 100vw, 300px\" \/><\/a>\n\t\t\t<\/div><\/figure>\n\t\t<\/div>\n\n<div id='gallery-4' class='gallery galleryid-27 gallery-columns-2 gallery-size-full'><figure class='gallery-item'>\n\t\t\t<div class='gallery-icon landscape'>\n\t\t\t\t<a href='https:\/\/xn--nfholzbau-v2a.ch\/wp-content\/uploads\/2015\/03\/diverses-031.jpg'><img loading=\"lazy\" decoding=\"async\" width=\"1600\" height=\"1202\" src=\"https:\/\/xn--nfholzbau-v2a.ch\/wp-content\/uploads\/2015\/03\/diverses-031.jpg\" class=\"attachment-full size-full\" alt=\"\" \/><\/a>\n\t\t\t<\/div><\/figure><figure class='gallery-item'>\n\t\t\t<div class='gallery-icon landscape'>\n\t\t\t\t<a href='https:\/\/xn--nfholzbau-v2a.ch\/wp-content\/uploads\/2015\/03\/neu-100.jpg'><img loading=\"lazy\" decoding=\"async\" width=\"1600\" height=\"1200\" src=\"https:\/\/xn--nfholzbau-v2a.ch\/wp-content\/uploads\/2015\/03\/neu-100.jpg\" class=\"attachment-full size-full\" alt=\"\" \/><\/a>\n\t\t\t<\/div><\/figure>\n\t\t<\/div>\n\n<div id='gallery-5' class='gallery galleryid-27 gallery-columns-2 gallery-size-full'><figure class='gallery-item'>\n\t\t\t<div class='gallery-icon portrait'>\n\t\t\t\t<a href='https:\/\/xn--nfholzbau-v2a.ch\/wp-content\/uploads\/2015\/03\/diverses-037.jpg'><img loading=\"lazy\" decoding=\"async\" width=\"1200\" height=\"1600\" src=\"https:\/\/xn--nfholzbau-v2a.ch\/wp-content\/uploads\/2015\/03\/diverses-037.jpg\" class=\"attachment-full size-full\" alt=\"\" \/><\/a>\n\t\t\t<\/div><\/figure><figure class='gallery-item'>\n\t\t\t<div class='gallery-icon portrait'>\n\t\t\t\t<a href='https:\/\/xn--nfholzbau-v2a.ch\/wp-content\/uploads\/2015\/03\/neu-096.jpg'><img loading=\"lazy\" decoding=\"async\" width=\"1200\" height=\"1600\" src=\"https:\/\/xn--nfholzbau-v2a.ch\/wp-content\/uploads\/2015\/03\/neu-096.jpg\" class=\"attachment-full size-full\" alt=\"\" \/><\/a>\n\t\t\t<\/div><\/figure>\n\t\t<\/div>\n\n","protected":false},"excerpt":{"rendered":"<p>Suchen Sie einen neuen Bodenbelag oder eine neue Decke? Die Auswahl\u00a0der verschiedenen Materialien ist gross. Wir verlegen Parkett, Vinyl, Laminat\u00a0oder Kork und montieren Decken-Paneelen oder T\u00e4fer. Gerne beraten wir Sie bei der Auswahl. Altholzwand &nbsp; Arvendecke &nbsp; Altholzt\u00e4fer und Vinylboden Treppenhaus &nbsp; Korkboden &nbsp; Deckenpaneelen und T\u00e4fer &nbsp; Parkettb\u00f6den und -treppen<\/p>\n","protected":false},"author":1,"featured_media":0,"parent":29,"menu_order":1,"comment_status":"closed","ping_status":"closed","template":"","meta":{"footnotes":""},"class_list":["post-27","page","type-page","status-publish"],"_links":{"self":[{"href":"https:\/\/xn--nfholzbau-v2a.ch\/index.php?rest_route=\/wp\/v2\/pages\/27"}],"collection":[{"href":"https:\/\/xn--nfholzbau-v2a.ch\/index.php?rest_route=\/wp\/v2\/pages"}],"about":[{"href":"https:\/\/xn--nfholzbau-v2a.ch\/index.php?rest_route=\/wp\/v2\/types\/page"}],"author":[{"embeddable":true,"href":"https:\/\/xn--nfholzbau-v2a.ch\/index.php?rest_route=\/wp\/v2\/users\/1"}],"replies":[{"embeddable":true,"href":"https:\/\/xn--nfholzbau-v2a.ch\/index.php?rest_route=%2Fwp%2Fv2%2Fcomments&post=27"}],"version-history":[{"count":34,"href":"https:\/\/xn--nfholzbau-v2a.ch\/index.php?rest_route=\/wp\/v2\/pages\/27\/revisions"}],"predecessor-version":[{"id":1343,"href":"https:\/\/xn--nfholzbau-v2a.ch\/index.php?rest_route=\/wp\/v2\/pages\/27\/revisions\/1343"}],"up":[{"embeddable":true,"href":"https:\/\/xn--nfholzbau-v2a.ch\/index.php?rest_route=\/wp\/v2\/pages\/29"}],"wp:attachment":[{"href":"https:\/\/xn--nfholzbau-v2a.ch\/index.php?rest_route=%2Fwp%2Fv2%2Fmedia&parent=27"}],"curies":[{"name":"wp","href":"https:\/\/api.w.org\/{rel}","templated":true}]}}