{"id":25,"date":"2015-03-03T17:13:16","date_gmt":"2015-03-03T17:13:16","guid":{"rendered":"http:\/\/xn--nfholzbau-v2a.ch\/?page_id=25"},"modified":"2017-07-20T14:59:06","modified_gmt":"2017-07-20T14:59:06","slug":"schreinerei","status":"publish","type":"page","link":"https:\/\/xn--nfholzbau-v2a.ch\/?page_id=25","title":{"rendered":"Schreinerei"},"content":{"rendered":"<p>In\u00a0unserer Schreinerei stellen wir T\u00fcren, Schr\u00e4nke und M\u00f6bel her, wobei wir auf die individuellen Bed\u00fcrfnisse\u00a0der Kunden\u00a0eingehen.<\/p>\n<p><img loading=\"lazy\" decoding=\"async\" class=\"alignleft wp-image-836 size-full\" src=\"https:\/\/xn--nfholzbau-v2a.ch\/wp-content\/uploads\/2015\/03\/P1000356-e1500562741236.jpg\" alt=\"\" width=\"473\" height=\"151\" \/><\/p>\n","protected":false},"excerpt":{"rendered":"<p>In\u00a0unserer Schreinerei stellen wir T\u00fcren, Schr\u00e4nke und M\u00f6bel her, wobei wir auf die individuellen Bed\u00fcrfnisse\u00a0der Kunden\u00a0eingehen.<\/p>\n","protected":false},"author":1,"featured_media":0,"parent":0,"menu_order":4,"comment_status":"closed","ping_status":"closed","template":"","meta":{"footnotes":""},"class_list":["post-25","page","type-page","status-publish"],"_links":{"self":[{"href":"https:\/\/xn--nfholzbau-v2a.ch\/index.php?rest_route=\/wp\/v2\/pages\/25"}],"collection":[{"href":"https:\/\/xn--nfholzbau-v2a.ch\/index.php?rest_route=\/wp\/v2\/pages"}],"about":[{"href":"https:\/\/xn--nfholzbau-v2a.ch\/index.php?rest_route=\/wp\/v2\/types\/page"}],"author":[{"embeddable":true,"href":"https:\/\/xn--nfholzbau-v2a.ch\/index.php?rest_route=\/wp\/v2\/users\/1"}],"replies":[{"embeddable":true,"href":"https:\/\/xn--nfholzbau-v2a.ch\/index.php?rest_route=%2Fwp%2Fv2%2Fcomments&post=25"}],"version-history":[{"count":21,"href":"https:\/\/xn--nfholzbau-v2a.ch\/index.php?rest_route=\/wp\/v2\/pages\/25\/revisions"}],"predecessor-version":[{"id":1092,"href":"https:\/\/xn--nfholzbau-v2a.ch\/index.php?rest_route=\/wp\/v2\/pages\/25\/revisions\/1092"}],"wp:attachment":[{"href":"https:\/\/xn--nfholzbau-v2a.ch\/index.php?rest_route=%2Fwp%2Fv2%2Fmedia&parent=25"}],"curies":[{"name":"wp","href":"https:\/\/api.w.org\/{rel}","templated":true}]}}